{"id":642,"date":"2015-03-25T03:20:31","date_gmt":"2015-03-25T02:20:31","guid":{"rendered":"http:\/\/54426374.swh.strato-hosting.eu\/produkt\/berlin-tango-bassa-cd\/"},"modified":"2023-12-21T00:00:15","modified_gmt":"2023-12-20T22:00:15","slug":"berlin-tango-bassa-cd","status":"publish","type":"product","link":"https:\/\/beatrix-becker.de\/en\/product\/berlin-tango-bassa-cd\/","title":{"rendered":"Berlin Tango &#8211; Bassa (CD)"},"content":{"rendered":"<p style=\"text-align: justify;\">This is my very first album! The band is called &#8220;Bassa&#8221;, which I am no longer playing with, but I still find the music timelessly-beautiful:<\/p>\n<p style=\"text-align: justify;\">Tango is dancing in the streets day and night in the city of Berlin. Immersed in Mediterranean flavor, it allows itself to be enchanted by Nordic finesse and captivated by Oriental spirit. As its companions we embark on a journey playing our music to tell you about far-away places and foreign cultures without actually leaving our native shore. The city of Berlin with all its various colours and cultures brought us together and continues to inspire us. We\u2019ve been using the expressive force of Jazz ever since to combine our passion for Tango with our joy in exotic sounds and rhythms.<\/p>\n<div class=\"x-audio player\" data-x-element-mejs><audio class=\"x-mejs x-wp-audio-shortcode advanced-controls\" id=\"audio-642-1\" preload=\"none\" style=\"width: 100%;\" controls=\"controls\"><source type=\"audio\/mpeg\" src=\"https:\/\/beatrix-becker.de\/wp-content\/uploads\/2015\/03\/01-Berlin-Tango.mp3?_=1\" \/><\/audio><\/div>\n","protected":false},"excerpt":{"rendered":"<p>This is my very first album! The band is called &#8220;Bassa&#8221;, which I am no longer playing with, but I still find the music timelessly-beautiful: Tango is dancing in the streets day and night in the city of Berlin. Immersed in Mediterranean flavor, it allows itself to be enchanted by Nordic finesse and captivated by Oriental spirit. As its companions &#8230; <a href=\"https:\/\/beatrix-becker.de\/en\/product\/berlin-tango-bassa-cd\/\" class=\"more-link\">Read More<\/a><\/p>\n","protected":false},"featured_media":636,"template":"","meta":{"rs_blank_template":"","rs_page_bg_color":"","slide_template_v7":""},"product_brand":[],"product_cat":[19],"product_tag":[214,303,305,310,219,312,309,308,311,288,306,307,304],"class_list":{"0":"post-642","1":"product","2":"type-product","3":"status-publish","4":"has-post-thumbnail","6":"product_cat-albums","7":"product_tag-bass-clarinet","8":"product_tag-beatrix-becker-and-bassa","9":"product_tag-berlin-tango-en","10":"product_tag-berlin-tango-en-2","11":"product_tag-clarinet","12":"product_tag-clarinet-tango","13":"product_tag-modern-tango","14":"product_tag-modern-tango-music","15":"product_tag-tango-berlin-en","16":"product_tag-tango-from-berlin","17":"product_tag-tango-music","18":"product_tag-tango-music-en","19":"product_tag-violin-and-clarinet","22":"first","23":"outofstock","24":"purchasable","25":"product-type-simple"},"yoast_head":"<!-- This site is optimized with the Yoast SEO plugin v27.3 - https:\/\/yoast.com\/product\/yoast-seo-wordpress\/ -->\n<title>CD Berlin Tango - modern tango in a mix of world-music and jazz<\/title>\n<meta name=\"description\" content=\"Berlin Tango is a modern mix of world-music and jazz for connoisseurs, adventure seekers and tango enthusiasts.\" \/>\n<meta name=\"robots\" content=\"index, follow, max-snippet:-1, max-image-preview:large, max-video-preview:-1\" \/>\n<link rel=\"canonical\" href=\"https:\/\/beatrix-becker.de\/en\/product\/berlin-tango-bassa-cd\/\" \/>\n<meta property=\"og:locale\" content=\"en_US\" \/>\n<meta property=\"og:type\" content=\"article\" \/>\n<meta property=\"og:title\" content=\"CD Berlin Tango - modern tango in a mix of world-music and jazz\" \/>\n<meta property=\"og:description\" content=\"Berlin Tango is a modern mix of world-music and jazz for connoisseurs, adventure seekers and tango enthusiasts.\" \/>\n<meta property=\"og:url\" content=\"https:\/\/beatrix-becker.de\/en\/product\/berlin-tango-bassa-cd\/\" \/>\n<meta property=\"og:site_name\" content=\"Beatrix Becker\" \/>\n<meta property=\"article:publisher\" content=\"https:\/\/www.facebook.com\/beatrix.becker.music\/\" \/>\n<meta property=\"article:modified_time\" content=\"2023-12-20T22:00:15+00:00\" \/>\n<meta property=\"og:image\" content=\"https:\/\/beatrix-becker.de\/wp-content\/uploads\/2015\/03\/cover-berlin-tango_bassa.jpg\" \/>\n\t<meta property=\"og:image:width\" content=\"1617\" \/>\n\t<meta property=\"og:image:height\" content=\"1497\" \/>\n\t<meta property=\"og:image:type\" content=\"image\/jpeg\" \/>\n<meta name=\"twitter:card\" content=\"summary_large_image\" \/>\n<meta name=\"twitter:label1\" content=\"Est. reading time\" \/>\n\t<meta name=\"twitter:data1\" content=\"1 minute\" \/>\n<script type=\"application\/ld+json\" class=\"yoast-schema-graph\">{\"@context\":\"https:\\\/\\\/schema.org\",\"@graph\":[{\"@type\":\"WebPage\",\"@id\":\"https:\\\/\\\/beatrix-becker.de\\\/en\\\/product\\\/berlin-tango-bassa-cd\\\/\",\"url\":\"https:\\\/\\\/beatrix-becker.de\\\/en\\\/product\\\/berlin-tango-bassa-cd\\\/\",\"name\":\"CD Berlin Tango - modern tango in a mix of world-music and jazz\",\"isPartOf\":{\"@id\":\"https:\\\/\\\/beatrix-becker.de\\\/en\\\/#website\"},\"primaryImageOfPage\":{\"@id\":\"https:\\\/\\\/beatrix-becker.de\\\/en\\\/product\\\/berlin-tango-bassa-cd\\\/#primaryimage\"},\"image\":{\"@id\":\"https:\\\/\\\/beatrix-becker.de\\\/en\\\/product\\\/berlin-tango-bassa-cd\\\/#primaryimage\"},\"thumbnailUrl\":\"https:\\\/\\\/beatrix-becker.de\\\/wp-content\\\/uploads\\\/2015\\\/03\\\/cover-berlin-tango_bassa.jpg\",\"datePublished\":\"2015-03-25T02:20:31+00:00\",\"dateModified\":\"2023-12-20T22:00:15+00:00\",\"description\":\"Berlin Tango is a modern mix of world-music and jazz for connoisseurs, adventure seekers and tango enthusiasts.\",\"breadcrumb\":{\"@id\":\"https:\\\/\\\/beatrix-becker.de\\\/en\\\/product\\\/berlin-tango-bassa-cd\\\/#breadcrumb\"},\"inLanguage\":\"en-US\",\"potentialAction\":[{\"@type\":\"ReadAction\",\"target\":[\"https:\\\/\\\/beatrix-becker.de\\\/en\\\/product\\\/berlin-tango-bassa-cd\\\/\"]}]},{\"@type\":\"ImageObject\",\"inLanguage\":\"en-US\",\"@id\":\"https:\\\/\\\/beatrix-becker.de\\\/en\\\/product\\\/berlin-tango-bassa-cd\\\/#primaryimage\",\"url\":\"https:\\\/\\\/beatrix-becker.de\\\/wp-content\\\/uploads\\\/2015\\\/03\\\/cover-berlin-tango_bassa.jpg\",\"contentUrl\":\"https:\\\/\\\/beatrix-becker.de\\\/wp-content\\\/uploads\\\/2015\\\/03\\\/cover-berlin-tango_bassa.jpg\",\"width\":1617,\"height\":1497,\"caption\":\"Bassa Berlin Tango\"},{\"@type\":\"BreadcrumbList\",\"@id\":\"https:\\\/\\\/beatrix-becker.de\\\/en\\\/product\\\/berlin-tango-bassa-cd\\\/#breadcrumb\",\"itemListElement\":[{\"@type\":\"ListItem\",\"position\":1,\"name\":\"Startseite\",\"item\":\"https:\\\/\\\/beatrix-becker.de\\\/en\\\/beatrix-becker-composer-musician-bridges-of-music\\\/\"},{\"@type\":\"ListItem\",\"position\":2,\"name\":\"Shop\",\"item\":\"https:\\\/\\\/beatrix-becker.de\\\/shop\\\/\"},{\"@type\":\"ListItem\",\"position\":3,\"name\":\"Berlin Tango &#8211; Bassa (CD)\"}]},{\"@type\":\"WebSite\",\"@id\":\"https:\\\/\\\/beatrix-becker.de\\\/en\\\/#website\",\"url\":\"https:\\\/\\\/beatrix-becker.de\\\/en\\\/\",\"name\":\"Beatrix Becker | Bridges of Music\",\"description\":\"Klavier Klarinette Komposition\",\"publisher\":{\"@id\":\"https:\\\/\\\/beatrix-becker.de\\\/en\\\/#\\\/schema\\\/person\\\/b78b650e7555d44f1c9a1b180d99e3e0\"},\"alternateName\":\"Beatrix Becker\",\"potentialAction\":[{\"@type\":\"SearchAction\",\"target\":{\"@type\":\"EntryPoint\",\"urlTemplate\":\"https:\\\/\\\/beatrix-becker.de\\\/en\\\/?s={search_term_string}\"},\"query-input\":{\"@type\":\"PropertyValueSpecification\",\"valueRequired\":true,\"valueName\":\"search_term_string\"}}],\"inLanguage\":\"en-US\"},{\"@type\":[\"Person\",\"Organization\"],\"@id\":\"https:\\\/\\\/beatrix-becker.de\\\/en\\\/#\\\/schema\\\/person\\\/b78b650e7555d44f1c9a1b180d99e3e0\",\"name\":\"Beatrix Becker\",\"image\":{\"@type\":\"ImageObject\",\"inLanguage\":\"en-US\",\"@id\":\"https:\\\/\\\/beatrix-becker.de\\\/wp-content\\\/uploads\\\/2024\\\/02\\\/FuchsBeatrixBecker22_0106-scaled.jpg\",\"url\":\"https:\\\/\\\/beatrix-becker.de\\\/wp-content\\\/uploads\\\/2024\\\/02\\\/FuchsBeatrixBecker22_0106-scaled.jpg\",\"contentUrl\":\"https:\\\/\\\/beatrix-becker.de\\\/wp-content\\\/uploads\\\/2024\\\/02\\\/FuchsBeatrixBecker22_0106-scaled.jpg\",\"width\":2560,\"height\":1392,\"caption\":\"Beatrix Becker\"},\"logo\":{\"@id\":\"https:\\\/\\\/beatrix-becker.de\\\/wp-content\\\/uploads\\\/2024\\\/02\\\/FuchsBeatrixBecker22_0106-scaled.jpg\"},\"description\":\"Komponistin, Klarinettistin, Coach. Vor ihrer Solo-Karriere studierte die Komponistin und Musikerin Beatrix Becker klassische Klarinette und Klavier. Als Bandleaderin und Solistin ver\u00f6ffentlichte sie zahlreiche Alben und spielte Konzerte in Deutschland, Europa, Israel und den USA, unter anderem mit Gr\u00f6\u00dfen wie Raul Jaurena, Helmut Eisel und Giora Feidman, der auf seinem Album Klezmer Bridges eine Einspielung ihrer Komposition \u201eUna Sonrisa\u201c ver\u00f6ffentlichte. 2012 folgte Beatrix Becker ihrem Bauchgef\u00fchl nach Buenos Aires und fand in der lebensfrohen, ein wenig aus der Zeit gefallenen Metropole den idealen Besinnungsort f\u00fcr ihre erste Solo-CD Melody of Love - \u201eein bemerkenswerter Ausdruck unserer Zeit\u201c (Carsten D\u00fcrer, PIANONews). Als Artist in Residence verbrachte sie 2013 mehrere Monate in der Schweiz - ihre CD Wassermusiken spiegelt in Klang gegossen die Eindr\u00fccke aus der unber\u00fchrten Natur, etablierte sie als \u201eTondichterin\u201c (Tip Berlin) und festigte ihren Ruf als \u201edas Berliner Fr\u00e4uleinwunder\u201c (Nicole Graner, S\u00fcddeutsche Zeitung) in der Veranstaltungsszene. 2015 gr\u00fcndete Beatrix Becker das Projekt Bridges of Music und unternahm mit Unterst\u00fctzung der Deutschen Botschaft in New York eine Konzert- und Begegnungsreise von New York \u00fcber London nach Berlin. Anschlie\u00dfend wurde sie von visitBerlin als musikalische Botschafterin nach Istanbul eingeladen, um dort 2016 im Rahmen der neuen Berlin-Kampagne zu konzertieren. Im selben Jahr erschien ihr im Berliner Hansastudio eingespieltes Album Phoenix. 2017 konzertierte Beatrix Becker anl\u00e4sslich des Martin Luther King Tages f\u00fcr die US Botschaft. Im Institute For Cultural Diplomacy (ICD) pr\u00e4sentierte sie Bridges of Music w\u00e4hrend des internationalen Symposiums Cultural Diplomacy in Germany. Ihren Ruf als \\\"one of Berlin\u2018s finest examples of musical talent\\\" (German World Magazine) erwarb sich Beatrix Becker 2018 in Los Angeles, wo sie zum 50-j\u00e4hrigen Jubil\u00e4um der St\u00e4dtepartnerschaft LA-Berlin ein Konzert gab. 2018 erschien in Zusammenarbeit mit dem Dresdner Gitarristen Benjamin Doppscher ihr Album f\u00fcr Klarinette und Gitarre: Kintsugi 2019 f\u00fchrte sie die Bridges of Music Reihe nach Luzern und Potsdam. Hier gab sie zwei Kooperationskonzerte mit dem Chor Luzern, unterst\u00fctzt von der Stadt Potsdam und der St\u00e4dtepartnerschaft Potsdam-Luzern. Im selben Jahr durfte sie mit Kompositionen ihres Bridges Of Music Programms zum Gala-Dinner \u201e30 Jahre Mauerfall\u201c im Berliner Bodemuseum konzertieren. 2020 initiierte sie ein Kooperationsvideo Bridges of Music, auf dem weltweit 50 Musiker*innen w\u00e4hrend des Covid-19 bedingten \u201eLockdowns\u201c im M\u00e4rz 2020 virtuell zusammen musizierten. 2022 erschien ihr aktuelles Album Book of Bridges: \\\"Welchen Tiefgang das Projekt hat, demonstriert sie auf ihrem neuen Album.\\\" (Erik Prochnow - Folker) 2023 feiert Beatrix Becker 10-j\u00e4hriges Jubil\u00e4um mit ihrer verbindenden Plattform Bridges of Music. Derzeit arbeitet die Komponistin an einem neuen Album Roots and Wings. Neben ihrer T\u00e4tigkeit als K\u00fcnstlerin und Komponistin ist sie auch als Dozentin aktiv und bietet Kurse in B\u00fchnentraining, Komposition und Improvisation an. 2023 gr\u00fcndete sie die Bridges of Music Academy, die unter anderem ihren erfolgreichen Online-Kurs Kreativ Klarinette Lernen beherbergt. Eine Auswahl ihrer Kompositionen erscheint seit 2017 im Friedrich Hofmeister Musikverlag.\",\"sameAs\":[\"https:\\\/\\\/www.beatrix-becker.de\",\"https:\\\/\\\/www.facebook.com\\\/beatrix.becker.music\\\/\",\"https:\\\/\\\/www.instagram.com\\\/beatrix_becker_music\",\"https:\\\/\\\/www.youtube.com\\\/@Kreativ-Klarinette-Lernen\"]}]}<\/script>\n<!-- \/ Yoast SEO plugin. -->","yoast_head_json":{"title":"CD Berlin Tango - modern tango in a mix of world-music and jazz","description":"Berlin Tango is a modern mix of world-music and jazz for connoisseurs, adventure seekers and tango enthusiasts.","robots":{"index":"index","follow":"follow","max-snippet":"max-snippet:-1","max-image-preview":"max-image-preview:large","max-video-preview":"max-video-preview:-1"},"canonical":"https:\/\/beatrix-becker.de\/en\/product\/berlin-tango-bassa-cd\/","og_locale":"en_US","og_type":"article","og_title":"CD Berlin Tango - modern tango in a mix of world-music and jazz","og_description":"Berlin Tango is a modern mix of world-music and jazz for connoisseurs, adventure seekers and tango enthusiasts.","og_url":"https:\/\/beatrix-becker.de\/en\/product\/berlin-tango-bassa-cd\/","og_site_name":"Beatrix Becker","article_publisher":"https:\/\/www.facebook.com\/beatrix.becker.music\/","article_modified_time":"2023-12-20T22:00:15+00:00","og_image":[{"width":1617,"height":1497,"url":"https:\/\/beatrix-becker.de\/wp-content\/uploads\/2015\/03\/cover-berlin-tango_bassa.jpg","type":"image\/jpeg"}],"twitter_card":"summary_large_image","twitter_misc":{"Est. reading time":"1 minute"},"schema":{"@context":"https:\/\/schema.org","@graph":[{"@type":"WebPage","@id":"https:\/\/beatrix-becker.de\/en\/product\/berlin-tango-bassa-cd\/","url":"https:\/\/beatrix-becker.de\/en\/product\/berlin-tango-bassa-cd\/","name":"CD Berlin Tango - modern tango in a mix of world-music and jazz","isPartOf":{"@id":"https:\/\/beatrix-becker.de\/en\/#website"},"primaryImageOfPage":{"@id":"https:\/\/beatrix-becker.de\/en\/product\/berlin-tango-bassa-cd\/#primaryimage"},"image":{"@id":"https:\/\/beatrix-becker.de\/en\/product\/berlin-tango-bassa-cd\/#primaryimage"},"thumbnailUrl":"https:\/\/beatrix-becker.de\/wp-content\/uploads\/2015\/03\/cover-berlin-tango_bassa.jpg","datePublished":"2015-03-25T02:20:31+00:00","dateModified":"2023-12-20T22:00:15+00:00","description":"Berlin Tango is a modern mix of world-music and jazz for connoisseurs, adventure seekers and tango enthusiasts.","breadcrumb":{"@id":"https:\/\/beatrix-becker.de\/en\/product\/berlin-tango-bassa-cd\/#breadcrumb"},"inLanguage":"en-US","potentialAction":[{"@type":"ReadAction","target":["https:\/\/beatrix-becker.de\/en\/product\/berlin-tango-bassa-cd\/"]}]},{"@type":"ImageObject","inLanguage":"en-US","@id":"https:\/\/beatrix-becker.de\/en\/product\/berlin-tango-bassa-cd\/#primaryimage","url":"https:\/\/beatrix-becker.de\/wp-content\/uploads\/2015\/03\/cover-berlin-tango_bassa.jpg","contentUrl":"https:\/\/beatrix-becker.de\/wp-content\/uploads\/2015\/03\/cover-berlin-tango_bassa.jpg","width":1617,"height":1497,"caption":"Bassa Berlin Tango"},{"@type":"BreadcrumbList","@id":"https:\/\/beatrix-becker.de\/en\/product\/berlin-tango-bassa-cd\/#breadcrumb","itemListElement":[{"@type":"ListItem","position":1,"name":"Startseite","item":"https:\/\/beatrix-becker.de\/en\/beatrix-becker-composer-musician-bridges-of-music\/"},{"@type":"ListItem","position":2,"name":"Shop","item":"https:\/\/beatrix-becker.de\/shop\/"},{"@type":"ListItem","position":3,"name":"Berlin Tango &#8211; Bassa (CD)"}]},{"@type":"WebSite","@id":"https:\/\/beatrix-becker.de\/en\/#website","url":"https:\/\/beatrix-becker.de\/en\/","name":"Beatrix Becker | Bridges of Music","description":"Klavier Klarinette Komposition","publisher":{"@id":"https:\/\/beatrix-becker.de\/en\/#\/schema\/person\/b78b650e7555d44f1c9a1b180d99e3e0"},"alternateName":"Beatrix Becker","potentialAction":[{"@type":"SearchAction","target":{"@type":"EntryPoint","urlTemplate":"https:\/\/beatrix-becker.de\/en\/?s={search_term_string}"},"query-input":{"@type":"PropertyValueSpecification","valueRequired":true,"valueName":"search_term_string"}}],"inLanguage":"en-US"},{"@type":["Person","Organization"],"@id":"https:\/\/beatrix-becker.de\/en\/#\/schema\/person\/b78b650e7555d44f1c9a1b180d99e3e0","name":"Beatrix Becker","image":{"@type":"ImageObject","inLanguage":"en-US","@id":"https:\/\/beatrix-becker.de\/wp-content\/uploads\/2024\/02\/FuchsBeatrixBecker22_0106-scaled.jpg","url":"https:\/\/beatrix-becker.de\/wp-content\/uploads\/2024\/02\/FuchsBeatrixBecker22_0106-scaled.jpg","contentUrl":"https:\/\/beatrix-becker.de\/wp-content\/uploads\/2024\/02\/FuchsBeatrixBecker22_0106-scaled.jpg","width":2560,"height":1392,"caption":"Beatrix Becker"},"logo":{"@id":"https:\/\/beatrix-becker.de\/wp-content\/uploads\/2024\/02\/FuchsBeatrixBecker22_0106-scaled.jpg"},"description":"Komponistin, Klarinettistin, Coach. Vor ihrer Solo-Karriere studierte die Komponistin und Musikerin Beatrix Becker klassische Klarinette und Klavier. Als Bandleaderin und Solistin ver\u00f6ffentlichte sie zahlreiche Alben und spielte Konzerte in Deutschland, Europa, Israel und den USA, unter anderem mit Gr\u00f6\u00dfen wie Raul Jaurena, Helmut Eisel und Giora Feidman, der auf seinem Album Klezmer Bridges eine Einspielung ihrer Komposition \u201eUna Sonrisa\u201c ver\u00f6ffentlichte. 2012 folgte Beatrix Becker ihrem Bauchgef\u00fchl nach Buenos Aires und fand in der lebensfrohen, ein wenig aus der Zeit gefallenen Metropole den idealen Besinnungsort f\u00fcr ihre erste Solo-CD Melody of Love - \u201eein bemerkenswerter Ausdruck unserer Zeit\u201c (Carsten D\u00fcrer, PIANONews). Als Artist in Residence verbrachte sie 2013 mehrere Monate in der Schweiz - ihre CD Wassermusiken spiegelt in Klang gegossen die Eindr\u00fccke aus der unber\u00fchrten Natur, etablierte sie als \u201eTondichterin\u201c (Tip Berlin) und festigte ihren Ruf als \u201edas Berliner Fr\u00e4uleinwunder\u201c (Nicole Graner, S\u00fcddeutsche Zeitung) in der Veranstaltungsszene. 2015 gr\u00fcndete Beatrix Becker das Projekt Bridges of Music und unternahm mit Unterst\u00fctzung der Deutschen Botschaft in New York eine Konzert- und Begegnungsreise von New York \u00fcber London nach Berlin. Anschlie\u00dfend wurde sie von visitBerlin als musikalische Botschafterin nach Istanbul eingeladen, um dort 2016 im Rahmen der neuen Berlin-Kampagne zu konzertieren. Im selben Jahr erschien ihr im Berliner Hansastudio eingespieltes Album Phoenix. 2017 konzertierte Beatrix Becker anl\u00e4sslich des Martin Luther King Tages f\u00fcr die US Botschaft. Im Institute For Cultural Diplomacy (ICD) pr\u00e4sentierte sie Bridges of Music w\u00e4hrend des internationalen Symposiums Cultural Diplomacy in Germany. Ihren Ruf als \"one of Berlin\u2018s finest examples of musical talent\" (German World Magazine) erwarb sich Beatrix Becker 2018 in Los Angeles, wo sie zum 50-j\u00e4hrigen Jubil\u00e4um der St\u00e4dtepartnerschaft LA-Berlin ein Konzert gab. 2018 erschien in Zusammenarbeit mit dem Dresdner Gitarristen Benjamin Doppscher ihr Album f\u00fcr Klarinette und Gitarre: Kintsugi 2019 f\u00fchrte sie die Bridges of Music Reihe nach Luzern und Potsdam. Hier gab sie zwei Kooperationskonzerte mit dem Chor Luzern, unterst\u00fctzt von der Stadt Potsdam und der St\u00e4dtepartnerschaft Potsdam-Luzern. Im selben Jahr durfte sie mit Kompositionen ihres Bridges Of Music Programms zum Gala-Dinner \u201e30 Jahre Mauerfall\u201c im Berliner Bodemuseum konzertieren. 2020 initiierte sie ein Kooperationsvideo Bridges of Music, auf dem weltweit 50 Musiker*innen w\u00e4hrend des Covid-19 bedingten \u201eLockdowns\u201c im M\u00e4rz 2020 virtuell zusammen musizierten. 2022 erschien ihr aktuelles Album Book of Bridges: \"Welchen Tiefgang das Projekt hat, demonstriert sie auf ihrem neuen Album.\" (Erik Prochnow - Folker) 2023 feiert Beatrix Becker 10-j\u00e4hriges Jubil\u00e4um mit ihrer verbindenden Plattform Bridges of Music. Derzeit arbeitet die Komponistin an einem neuen Album Roots and Wings. Neben ihrer T\u00e4tigkeit als K\u00fcnstlerin und Komponistin ist sie auch als Dozentin aktiv und bietet Kurse in B\u00fchnentraining, Komposition und Improvisation an. 2023 gr\u00fcndete sie die Bridges of Music Academy, die unter anderem ihren erfolgreichen Online-Kurs Kreativ Klarinette Lernen beherbergt. Eine Auswahl ihrer Kompositionen erscheint seit 2017 im Friedrich Hofmeister Musikverlag.","sameAs":["https:\/\/www.beatrix-becker.de","https:\/\/www.facebook.com\/beatrix.becker.music\/","https:\/\/www.instagram.com\/beatrix_becker_music","https:\/\/www.youtube.com\/@Kreativ-Klarinette-Lernen"]}]}},"_links":{"self":[{"href":"https:\/\/beatrix-becker.de\/en\/wp-json\/wp\/v2\/product\/642","targetHints":{"allow":["GET"]}}],"collection":[{"href":"https:\/\/beatrix-becker.de\/en\/wp-json\/wp\/v2\/product"}],"about":[{"href":"https:\/\/beatrix-becker.de\/en\/wp-json\/wp\/v2\/types\/product"}],"wp:featuredmedia":[{"embeddable":true,"href":"https:\/\/beatrix-becker.de\/en\/wp-json\/wp\/v2\/media\/636"}],"wp:attachment":[{"href":"https:\/\/beatrix-becker.de\/en\/wp-json\/wp\/v2\/media?parent=642"}],"wp:term":[{"taxonomy":"product_brand","embeddable":true,"href":"https:\/\/beatrix-becker.de\/en\/wp-json\/wp\/v2\/product_brand?post=642"},{"taxonomy":"product_cat","embeddable":true,"href":"https:\/\/beatrix-becker.de\/en\/wp-json\/wp\/v2\/product_cat?post=642"},{"taxonomy":"product_tag","embeddable":true,"href":"https:\/\/beatrix-becker.de\/en\/wp-json\/wp\/v2\/product_tag?post=642"}],"curies":[{"name":"wp","href":"https:\/\/api.w.org\/{rel}","templated":true}]}}