{"id":6535,"date":"2023-11-21T22:48:55","date_gmt":"2023-11-21T20:48:55","guid":{"rendered":"https:\/\/beatrix-becker.de\/impressum-en\/"},"modified":"2025-08-20T11:53:52","modified_gmt":"2025-08-20T09:53:52","slug":"imprint","status":"publish","type":"page","link":"https:\/\/beatrix-becker.de\/en\/imprint\/","title":{"rendered":"Imprint"},"content":{"rendered":"<div id=\"cs-content\" class=\"cs-content\"><div class=\"x-section e6535-e1 m51j-0\"><div class=\"x-row x-container max width e6535-e2 m51j-1 m51j-2\"><div class=\"x-row-inner\"><div class=\"x-col e6535-e3 m51j-3\"><hr class=\"x-line e6535-e4 m51j-4\"\/><div class=\"x-text x-text-headline e6535-e5 m51j-5\"><div class=\"x-text-content\"><div class=\"x-text-content-text\"><h1 class=\"x-text-content-text-primary\">Imprint<\/h1>\n<\/div><\/div><\/div><hr class=\"x-line e6535-e6 m51j-4\"\/><div class=\"x-text x-content e6535-e7 m51j-6\"><p><strong>V.i.S.d.P.<br \/>\n<\/strong>Beatrix Becker<br \/>\nRossinistr. 6<br \/>\nD-13088 Berlin<br \/>\nGermany<br \/>\nPhone.: +49 (0)152 53762714<br \/>\n&#x69;&#x6e;&#102;&#111;&#64;&#x62;&#x65;&#x61;&#116;&#114;i&#x78;&#x2d;&#x62;&#101;&#99;k&#x65;&#x72;&#x2e;&#100;&#101;<\/p>\n<p>Invoice number: 35\/220\/02468<\/p>\n<p><strong>Pictures<br \/>\n<\/strong>\"Phoenix\" and \"nature\": Mike Fuchs, <a href=\"http:\/\/www.mikefuchs-fotografie.de\">www.mikefuchs-fotografie.de<\/a><br \/>\n\"Bridges of Music\": David Tragger - Hypocrite Productions Inc.<br \/>\n\"Live\" und \"studio\": Ule Kamal Maegdefrau, <a href=\"http:\/\/www.maegdefrau.info\">www.maegdefrau.info<\/a><br \/>\n\"Cat\": Marlene Fulde<br \/>\n\"Cat &amp; vinyl\": Dominique de Rivaz<br \/>\n\"The Green Angel\": Aquarelle by Stefanie Faymonville<br \/>\nPicture on unsplash: Joseph Gonzalez<br \/>\nCats: Baghira &amp; Nelly<\/p>\n<p><strong>Creative Business Coaching<\/strong><br \/>\nChristian Einsiedel, <a href=\"https:\/\/wegbereit.de\/\">www.wegbereit.com<\/a><\/p>\n<p><strong>Design and administration of the webpage<br \/>\n<\/strong>Webseite: SALILOU <a href=\"http:\/\/www.salilou.com\/\">salilou.com<br \/>\n<\/a>\"Veranstaltungskalender\" powered by <a href=\"http:\/\/wp-events-plugin.com\/\">Events Manager<\/a><\/p>\n<p><strong>Disclaimer<\/strong><\/p>\n\n<ol>\n \t<li>Content of the online offer<br \/>\nThe author reserves the right not to be responsible for the topicality, correctness, completeness or quality of the information provided. Liability claims against the author, which refer to material or immaterial nature, which were caused by the use or disuse of the information provided or by the use of incorrect and incomplete information, are excluded, unless the author proves intentional or grossly negligent Fault is present.<br \/>\nAll offers are non-binding. The author expressly reserves the right to change, supplement or delete parts of the pages or the entire offer without prior notice or to cease publication temporarily or permanently.<\/li>\n \t<li>References and links<br \/>\nFor direct or indirect references to external websites (\u201chyperlinks\u201d), which lie outside the area of responsibility of the author, a liability obligation would come into force only in the case in which the author has knowledge of the contents and it would be technically possible and reasonable to prevent the use in case of illegal content.<br \/>\nThe author hereby expressly declares that at the time of linking, no illegal content was recognizable on the linked pages. The author has no influence on the current and future design, content or authorship of the linked pages. Therefore he dissociates himself hereby expressly from all contents of all linked \/ linked sides, which were changed after the link setting. This statement applies to all links and references within the own internet offer as well as to external entries in guest books, discussion forums, link directories, mailing lists and in all other forms of databases on whose contents external write accesses are possible. For illegal, incorrect or incomplete contents and in particular for damages resulting from the use or disuse of such information, the provider of the page to which reference was made, not the one who only links to the respective publication.<\/li>\n \t<li>Copyright and Trademark Law<br \/>\nThe author endeavors to observe the copyrights of the images, graphics, sound documents, video sequences and texts used in all publications, to use images, graphics, sound documents, video sequences and texts created by himself or to resort to license-free graphics, sound documents, video sequences and texts , All brand names and trademarks mentioned within the Internet offer and possibly protected by third parties are subject without restriction to the provisions of the applicable trademark law and the ownership rights of the respective registered owners.<br \/>\nJust because of the mere mention is not to draw the conclusion that trademarks are not protected by rights of third parties! The copyright for published objects created by the author remains solely with the author of the pages. Reproduction or use of such graphics, sound documents, video sequences and texts in other electronic or printed publications is not permitted without the express consent of the author.<\/li>\n \t<li>Data protection<br \/>\nIf within the Internet offer the possibility for the input of personal or business data (email, names, address) exists, the surrender of these data on the part of the user on expressly voluntary basis. The use and payment of all offered services is \u2013 as far as technically possible and reasonable \u2013 also without specification of such data or under specification of anonymized data or a pseudonym allowed.<br \/>\nThe use of the contact data published in the imprint or comparable information such as postal addresses, telephone and fax numbers as well as email addresses by third parties for the transmission of not expressly requested information is not permitted. Legal action against the senders of so-called spam mails for violations of this prohibition are expressly reserved.<\/li>\n \t<li>Legal validity of this disclaimer<br \/>\nThis disclaimer is to be regarded as part of the internet offer from which this page was referenced. If sections or individual terms of this statement are not legal or correct, the content or validity of the other parts remain uninfluenced by this fact.<\/li>\n<\/ol>\n<p><strong>Accessibility Statement<br \/>\n<\/strong>This website strives to comply with the requirements of the German Accessibility Improvement Act (BFSG). If you encounter any barriers, please notify us at the contact address provided. We will endeavor to remove existing barriers as quickly as possible.<\/p><\/div><\/div><\/div><\/div><\/div><\/div>","protected":false},"excerpt":{"rendered":"<p>Imprint V.i.S.d.P. Beatrix Becker Rossinistr. 6 D-13088 Berlin Germany Phone.: +49 (0)152 53762714 &#105;&#110;&#x66;o&#64;&#x62;&#x65;a&#116;&#x72;&#x69;x&#45;&#x62;e&#99;&#x6b;&#x65;r&#46;&#x64;&#x65; Invoice number: 35\/220\/02468 Pictures &#8220;Phoenix&#8221; and &#8220;nature&#8221;: Mike Fuchs, www.mikefuchs-fotografie.de &#8220;Bridges of Music&#8221;: David Tragger &#8211; Hypocrite Productions Inc. &#8220;Live&#8221; und &#8220;studio&#8221;: Ule Kamal Maegdefrau, www.maegdefrau.info &#8220;Cat&#8221;: Marlene Fulde &#8220;Cat &amp; vinyl&#8221;: Dominique de Rivaz &#8220;The Green Angel&#8221;: Aquarelle by Stefanie Faymonville Picture on unsplash: Joseph &#8230; <a href=\"https:\/\/beatrix-becker.de\/en\/imprint\/\" class=\"more-link\">Read More<\/a><\/p>\n","protected":false},"author":1,"featured_media":0,"parent":0,"menu_order":0,"comment_status":"closed","ping_status":"closed","template":"template-blank-4.php","meta":{"rs_blank_template":"","rs_page_bg_color":"","slide_template_v7":"","footnotes":""},"class_list":["post-6535","page","type-page","status-publish","hentry","no-post-thumbnail"],"yoast_head":"<!-- This site is optimized with the Yoast SEO plugin v27.3 - https:\/\/yoast.com\/product\/yoast-seo-wordpress\/ -->\n<title>Imprint - Beatrix Becker<\/title>\n<meta name=\"robots\" content=\"index, follow, max-snippet:-1, max-image-preview:large, max-video-preview:-1\" \/>\n<link rel=\"canonical\" href=\"https:\/\/beatrix-becker.de\/en\/imprint\/\" \/>\n<meta property=\"og:locale\" content=\"en_US\" \/>\n<meta property=\"og:type\" content=\"article\" \/>\n<meta property=\"og:title\" content=\"Imprint - Beatrix Becker\" \/>\n<meta property=\"og:description\" content=\"Imprint V.i.S.d.P. Beatrix Becker Rossinistr. 6 D-13088 Berlin Germany Phone.: +49 (0)152 53762714 i&#110;&#x66;&#x6f;&#064;&#098;&#101;&#x61;&#x74;r&#105;&#x78;&#x2d;b&#101;&#099;&#x6b;&#x65;r&#046;&#x64;&#x65; Invoice number: 35\/220\/02468 Pictures &quot;Phoenix&quot; and &quot;nature&quot;: Mike Fuchs, www.mikefuchs-fotografie.de &quot;Bridges of Music&quot;: David Tragger - Hypocrite Productions Inc. &quot;Live&quot; und &quot;studio&quot;: Ule Kamal Maegdefrau, www.maegdefrau.info &quot;Cat&quot;: Marlene Fulde &quot;Cat &amp; vinyl&quot;: Dominique de Rivaz &quot;The Green Angel&quot;: Aquarelle by Stefanie Faymonville Picture on unsplash: Joseph ... Read More\" \/>\n<meta property=\"og:url\" content=\"https:\/\/beatrix-becker.de\/en\/imprint\/\" \/>\n<meta property=\"og:site_name\" content=\"Beatrix Becker\" \/>\n<meta property=\"article:publisher\" content=\"https:\/\/www.facebook.com\/beatrix.becker.music\/\" \/>\n<meta property=\"article:modified_time\" content=\"2025-08-20T09:53:52+00:00\" \/>\n<meta property=\"og:image\" content=\"https:\/\/beatrix-becker.de\/wp-content\/uploads\/2024\/02\/FuchsBeatrixBecker22_0106-scaled.jpg\" \/>\n\t<meta property=\"og:image:width\" content=\"2560\" \/>\n\t<meta property=\"og:image:height\" content=\"1392\" \/>\n\t<meta property=\"og:image:type\" content=\"image\/jpeg\" \/>\n<meta name=\"twitter:card\" content=\"summary_large_image\" \/>\n<meta name=\"twitter:label1\" content=\"Est. reading time\" \/>\n\t<meta name=\"twitter:data1\" content=\"4 minutes\" \/>\n<script type=\"application\/ld+json\" class=\"yoast-schema-graph\">{\"@context\":\"https:\\\/\\\/schema.org\",\"@graph\":[{\"@type\":\"WebPage\",\"@id\":\"https:\\\/\\\/beatrix-becker.de\\\/en\\\/imprint\\\/\",\"url\":\"https:\\\/\\\/beatrix-becker.de\\\/en\\\/imprint\\\/\",\"name\":\"Imprint - Beatrix Becker\",\"isPartOf\":{\"@id\":\"https:\\\/\\\/beatrix-becker.de\\\/en\\\/#website\"},\"datePublished\":\"2023-11-21T20:48:55+00:00\",\"dateModified\":\"2025-08-20T09:53:52+00:00\",\"breadcrumb\":{\"@id\":\"https:\\\/\\\/beatrix-becker.de\\\/en\\\/imprint\\\/#breadcrumb\"},\"inLanguage\":\"en-US\",\"potentialAction\":[{\"@type\":\"ReadAction\",\"target\":[\"https:\\\/\\\/beatrix-becker.de\\\/en\\\/imprint\\\/\"]}]},{\"@type\":\"BreadcrumbList\",\"@id\":\"https:\\\/\\\/beatrix-becker.de\\\/en\\\/imprint\\\/#breadcrumb\",\"itemListElement\":[{\"@type\":\"ListItem\",\"position\":1,\"name\":\"Startseite\",\"item\":\"https:\\\/\\\/beatrix-becker.de\\\/en\\\/beatrix-becker-composer-musician-bridges-of-music\\\/\"},{\"@type\":\"ListItem\",\"position\":2,\"name\":\"Imprint\"}]},{\"@type\":\"WebSite\",\"@id\":\"https:\\\/\\\/beatrix-becker.de\\\/en\\\/#website\",\"url\":\"https:\\\/\\\/beatrix-becker.de\\\/en\\\/\",\"name\":\"Beatrix Becker | Bridges of Music\",\"description\":\"Klavier Klarinette Komposition\",\"publisher\":{\"@id\":\"https:\\\/\\\/beatrix-becker.de\\\/en\\\/#\\\/schema\\\/person\\\/b78b650e7555d44f1c9a1b180d99e3e0\"},\"alternateName\":\"Beatrix Becker\",\"potentialAction\":[{\"@type\":\"SearchAction\",\"target\":{\"@type\":\"EntryPoint\",\"urlTemplate\":\"https:\\\/\\\/beatrix-becker.de\\\/en\\\/?s={search_term_string}\"},\"query-input\":{\"@type\":\"PropertyValueSpecification\",\"valueRequired\":true,\"valueName\":\"search_term_string\"}}],\"inLanguage\":\"en-US\"},{\"@type\":[\"Person\",\"Organization\"],\"@id\":\"https:\\\/\\\/beatrix-becker.de\\\/en\\\/#\\\/schema\\\/person\\\/b78b650e7555d44f1c9a1b180d99e3e0\",\"name\":\"Beatrix Becker\",\"image\":{\"@type\":\"ImageObject\",\"inLanguage\":\"en-US\",\"@id\":\"https:\\\/\\\/beatrix-becker.de\\\/wp-content\\\/uploads\\\/2024\\\/02\\\/FuchsBeatrixBecker22_0106-scaled.jpg\",\"url\":\"https:\\\/\\\/beatrix-becker.de\\\/wp-content\\\/uploads\\\/2024\\\/02\\\/FuchsBeatrixBecker22_0106-scaled.jpg\",\"contentUrl\":\"https:\\\/\\\/beatrix-becker.de\\\/wp-content\\\/uploads\\\/2024\\\/02\\\/FuchsBeatrixBecker22_0106-scaled.jpg\",\"width\":2560,\"height\":1392,\"caption\":\"Beatrix Becker\"},\"logo\":{\"@id\":\"https:\\\/\\\/beatrix-becker.de\\\/wp-content\\\/uploads\\\/2024\\\/02\\\/FuchsBeatrixBecker22_0106-scaled.jpg\"},\"description\":\"Komponistin, Klarinettistin, Coach. Vor ihrer Solo-Karriere studierte die Komponistin und Musikerin Beatrix Becker klassische Klarinette und Klavier. Als Bandleaderin und Solistin ver\u00f6ffentlichte sie zahlreiche Alben und spielte Konzerte in Deutschland, Europa, Israel und den USA, unter anderem mit Gr\u00f6\u00dfen wie Raul Jaurena, Helmut Eisel und Giora Feidman, der auf seinem Album Klezmer Bridges eine Einspielung ihrer Komposition \u201eUna Sonrisa\u201c ver\u00f6ffentlichte. 2012 folgte Beatrix Becker ihrem Bauchgef\u00fchl nach Buenos Aires und fand in der lebensfrohen, ein wenig aus der Zeit gefallenen Metropole den idealen Besinnungsort f\u00fcr ihre erste Solo-CD Melody of Love - \u201eein bemerkenswerter Ausdruck unserer Zeit\u201c (Carsten D\u00fcrer, PIANONews). Als Artist in Residence verbrachte sie 2013 mehrere Monate in der Schweiz - ihre CD Wassermusiken spiegelt in Klang gegossen die Eindr\u00fccke aus der unber\u00fchrten Natur, etablierte sie als \u201eTondichterin\u201c (Tip Berlin) und festigte ihren Ruf als \u201edas Berliner Fr\u00e4uleinwunder\u201c (Nicole Graner, S\u00fcddeutsche Zeitung) in der Veranstaltungsszene. 2015 gr\u00fcndete Beatrix Becker das Projekt Bridges of Music und unternahm mit Unterst\u00fctzung der Deutschen Botschaft in New York eine Konzert- und Begegnungsreise von New York \u00fcber London nach Berlin. Anschlie\u00dfend wurde sie von visitBerlin als musikalische Botschafterin nach Istanbul eingeladen, um dort 2016 im Rahmen der neuen Berlin-Kampagne zu konzertieren. Im selben Jahr erschien ihr im Berliner Hansastudio eingespieltes Album Phoenix. 2017 konzertierte Beatrix Becker anl\u00e4sslich des Martin Luther King Tages f\u00fcr die US Botschaft. Im Institute For Cultural Diplomacy (ICD) pr\u00e4sentierte sie Bridges of Music w\u00e4hrend des internationalen Symposiums Cultural Diplomacy in Germany. Ihren Ruf als \\\"one of Berlin\u2018s finest examples of musical talent\\\" (German World Magazine) erwarb sich Beatrix Becker 2018 in Los Angeles, wo sie zum 50-j\u00e4hrigen Jubil\u00e4um der St\u00e4dtepartnerschaft LA-Berlin ein Konzert gab. 2018 erschien in Zusammenarbeit mit dem Dresdner Gitarristen Benjamin Doppscher ihr Album f\u00fcr Klarinette und Gitarre: Kintsugi 2019 f\u00fchrte sie die Bridges of Music Reihe nach Luzern und Potsdam. Hier gab sie zwei Kooperationskonzerte mit dem Chor Luzern, unterst\u00fctzt von der Stadt Potsdam und der St\u00e4dtepartnerschaft Potsdam-Luzern. Im selben Jahr durfte sie mit Kompositionen ihres Bridges Of Music Programms zum Gala-Dinner \u201e30 Jahre Mauerfall\u201c im Berliner Bodemuseum konzertieren. 2020 initiierte sie ein Kooperationsvideo Bridges of Music, auf dem weltweit 50 Musiker*innen w\u00e4hrend des Covid-19 bedingten \u201eLockdowns\u201c im M\u00e4rz 2020 virtuell zusammen musizierten. 2022 erschien ihr aktuelles Album Book of Bridges: \\\"Welchen Tiefgang das Projekt hat, demonstriert sie auf ihrem neuen Album.\\\" (Erik Prochnow - Folker) 2023 feiert Beatrix Becker 10-j\u00e4hriges Jubil\u00e4um mit ihrer verbindenden Plattform Bridges of Music. Derzeit arbeitet die Komponistin an einem neuen Album Roots and Wings. Neben ihrer T\u00e4tigkeit als K\u00fcnstlerin und Komponistin ist sie auch als Dozentin aktiv und bietet Kurse in B\u00fchnentraining, Komposition und Improvisation an. 2023 gr\u00fcndete sie die Bridges of Music Academy, die unter anderem ihren erfolgreichen Online-Kurs Kreativ Klarinette Lernen beherbergt. Eine Auswahl ihrer Kompositionen erscheint seit 2017 im Friedrich Hofmeister Musikverlag.\",\"sameAs\":[\"https:\\\/\\\/www.beatrix-becker.de\",\"https:\\\/\\\/www.facebook.com\\\/beatrix.becker.music\\\/\",\"https:\\\/\\\/www.instagram.com\\\/beatrix_becker_music\",\"https:\\\/\\\/www.youtube.com\\\/@Kreativ-Klarinette-Lernen\"]}]}<\/script>\n<!-- \/ Yoast SEO plugin. -->","yoast_head_json":{"title":"Imprint - Beatrix Becker","robots":{"index":"index","follow":"follow","max-snippet":"max-snippet:-1","max-image-preview":"max-image-preview:large","max-video-preview":"max-video-preview:-1"},"canonical":"https:\/\/beatrix-becker.de\/en\/imprint\/","og_locale":"en_US","og_type":"article","og_title":"Imprint - Beatrix Becker","og_description":"Imprint V.i.S.d.P. Beatrix Becker Rossinistr. 6 D-13088 Berlin Germany Phone.: +49 (0)152 53762714 i&#110;&#x66;&#x6f;&#64;&#98;&#101;&#x61;&#x74;r&#105;&#120;&#x2d;&#x62;e&#99;&#x6b;&#x65;&#x72;&#46;&#100;&#x65; Invoice number: 35\/220\/02468 Pictures \"Phoenix\" and \"nature\": Mike Fuchs, www.mikefuchs-fotografie.de \"Bridges of Music\": David Tragger - Hypocrite Productions Inc. \"Live\" und \"studio\": Ule Kamal Maegdefrau, www.maegdefrau.info \"Cat\": Marlene Fulde \"Cat &amp; vinyl\": Dominique de Rivaz \"The Green Angel\": Aquarelle by Stefanie Faymonville Picture on unsplash: Joseph ... Read More","og_url":"https:\/\/beatrix-becker.de\/en\/imprint\/","og_site_name":"Beatrix Becker","article_publisher":"https:\/\/www.facebook.com\/beatrix.becker.music\/","article_modified_time":"2025-08-20T09:53:52+00:00","og_image":[{"width":2560,"height":1392,"url":"https:\/\/beatrix-becker.de\/wp-content\/uploads\/2024\/02\/FuchsBeatrixBecker22_0106-scaled.jpg","type":"image\/jpeg"}],"twitter_card":"summary_large_image","twitter_misc":{"Est. reading time":"4 minutes"},"schema":{"@context":"https:\/\/schema.org","@graph":[{"@type":"WebPage","@id":"https:\/\/beatrix-becker.de\/en\/imprint\/","url":"https:\/\/beatrix-becker.de\/en\/imprint\/","name":"Imprint - Beatrix Becker","isPartOf":{"@id":"https:\/\/beatrix-becker.de\/en\/#website"},"datePublished":"2023-11-21T20:48:55+00:00","dateModified":"2025-08-20T09:53:52+00:00","breadcrumb":{"@id":"https:\/\/beatrix-becker.de\/en\/imprint\/#breadcrumb"},"inLanguage":"en-US","potentialAction":[{"@type":"ReadAction","target":["https:\/\/beatrix-becker.de\/en\/imprint\/"]}]},{"@type":"BreadcrumbList","@id":"https:\/\/beatrix-becker.de\/en\/imprint\/#breadcrumb","itemListElement":[{"@type":"ListItem","position":1,"name":"Startseite","item":"https:\/\/beatrix-becker.de\/en\/beatrix-becker-composer-musician-bridges-of-music\/"},{"@type":"ListItem","position":2,"name":"Imprint"}]},{"@type":"WebSite","@id":"https:\/\/beatrix-becker.de\/en\/#website","url":"https:\/\/beatrix-becker.de\/en\/","name":"Beatrix Becker | Bridges of Music","description":"Klavier Klarinette Komposition","publisher":{"@id":"https:\/\/beatrix-becker.de\/en\/#\/schema\/person\/b78b650e7555d44f1c9a1b180d99e3e0"},"alternateName":"Beatrix Becker","potentialAction":[{"@type":"SearchAction","target":{"@type":"EntryPoint","urlTemplate":"https:\/\/beatrix-becker.de\/en\/?s={search_term_string}"},"query-input":{"@type":"PropertyValueSpecification","valueRequired":true,"valueName":"search_term_string"}}],"inLanguage":"en-US"},{"@type":["Person","Organization"],"@id":"https:\/\/beatrix-becker.de\/en\/#\/schema\/person\/b78b650e7555d44f1c9a1b180d99e3e0","name":"Beatrix Becker","image":{"@type":"ImageObject","inLanguage":"en-US","@id":"https:\/\/beatrix-becker.de\/wp-content\/uploads\/2024\/02\/FuchsBeatrixBecker22_0106-scaled.jpg","url":"https:\/\/beatrix-becker.de\/wp-content\/uploads\/2024\/02\/FuchsBeatrixBecker22_0106-scaled.jpg","contentUrl":"https:\/\/beatrix-becker.de\/wp-content\/uploads\/2024\/02\/FuchsBeatrixBecker22_0106-scaled.jpg","width":2560,"height":1392,"caption":"Beatrix Becker"},"logo":{"@id":"https:\/\/beatrix-becker.de\/wp-content\/uploads\/2024\/02\/FuchsBeatrixBecker22_0106-scaled.jpg"},"description":"Komponistin, Klarinettistin, Coach. Vor ihrer Solo-Karriere studierte die Komponistin und Musikerin Beatrix Becker klassische Klarinette und Klavier. Als Bandleaderin und Solistin ver\u00f6ffentlichte sie zahlreiche Alben und spielte Konzerte in Deutschland, Europa, Israel und den USA, unter anderem mit Gr\u00f6\u00dfen wie Raul Jaurena, Helmut Eisel und Giora Feidman, der auf seinem Album Klezmer Bridges eine Einspielung ihrer Komposition \u201eUna Sonrisa\u201c ver\u00f6ffentlichte. 2012 folgte Beatrix Becker ihrem Bauchgef\u00fchl nach Buenos Aires und fand in der lebensfrohen, ein wenig aus der Zeit gefallenen Metropole den idealen Besinnungsort f\u00fcr ihre erste Solo-CD Melody of Love - \u201eein bemerkenswerter Ausdruck unserer Zeit\u201c (Carsten D\u00fcrer, PIANONews). Als Artist in Residence verbrachte sie 2013 mehrere Monate in der Schweiz - ihre CD Wassermusiken spiegelt in Klang gegossen die Eindr\u00fccke aus der unber\u00fchrten Natur, etablierte sie als \u201eTondichterin\u201c (Tip Berlin) und festigte ihren Ruf als \u201edas Berliner Fr\u00e4uleinwunder\u201c (Nicole Graner, S\u00fcddeutsche Zeitung) in der Veranstaltungsszene. 2015 gr\u00fcndete Beatrix Becker das Projekt Bridges of Music und unternahm mit Unterst\u00fctzung der Deutschen Botschaft in New York eine Konzert- und Begegnungsreise von New York \u00fcber London nach Berlin. Anschlie\u00dfend wurde sie von visitBerlin als musikalische Botschafterin nach Istanbul eingeladen, um dort 2016 im Rahmen der neuen Berlin-Kampagne zu konzertieren. Im selben Jahr erschien ihr im Berliner Hansastudio eingespieltes Album Phoenix. 2017 konzertierte Beatrix Becker anl\u00e4sslich des Martin Luther King Tages f\u00fcr die US Botschaft. Im Institute For Cultural Diplomacy (ICD) pr\u00e4sentierte sie Bridges of Music w\u00e4hrend des internationalen Symposiums Cultural Diplomacy in Germany. Ihren Ruf als \"one of Berlin\u2018s finest examples of musical talent\" (German World Magazine) erwarb sich Beatrix Becker 2018 in Los Angeles, wo sie zum 50-j\u00e4hrigen Jubil\u00e4um der St\u00e4dtepartnerschaft LA-Berlin ein Konzert gab. 2018 erschien in Zusammenarbeit mit dem Dresdner Gitarristen Benjamin Doppscher ihr Album f\u00fcr Klarinette und Gitarre: Kintsugi 2019 f\u00fchrte sie die Bridges of Music Reihe nach Luzern und Potsdam. Hier gab sie zwei Kooperationskonzerte mit dem Chor Luzern, unterst\u00fctzt von der Stadt Potsdam und der St\u00e4dtepartnerschaft Potsdam-Luzern. Im selben Jahr durfte sie mit Kompositionen ihres Bridges Of Music Programms zum Gala-Dinner \u201e30 Jahre Mauerfall\u201c im Berliner Bodemuseum konzertieren. 2020 initiierte sie ein Kooperationsvideo Bridges of Music, auf dem weltweit 50 Musiker*innen w\u00e4hrend des Covid-19 bedingten \u201eLockdowns\u201c im M\u00e4rz 2020 virtuell zusammen musizierten. 2022 erschien ihr aktuelles Album Book of Bridges: \"Welchen Tiefgang das Projekt hat, demonstriert sie auf ihrem neuen Album.\" (Erik Prochnow - Folker) 2023 feiert Beatrix Becker 10-j\u00e4hriges Jubil\u00e4um mit ihrer verbindenden Plattform Bridges of Music. Derzeit arbeitet die Komponistin an einem neuen Album Roots and Wings. Neben ihrer T\u00e4tigkeit als K\u00fcnstlerin und Komponistin ist sie auch als Dozentin aktiv und bietet Kurse in B\u00fchnentraining, Komposition und Improvisation an. 2023 gr\u00fcndete sie die Bridges of Music Academy, die unter anderem ihren erfolgreichen Online-Kurs Kreativ Klarinette Lernen beherbergt. Eine Auswahl ihrer Kompositionen erscheint seit 2017 im Friedrich Hofmeister Musikverlag.","sameAs":["https:\/\/www.beatrix-becker.de","https:\/\/www.facebook.com\/beatrix.becker.music\/","https:\/\/www.instagram.com\/beatrix_becker_music","https:\/\/www.youtube.com\/@Kreativ-Klarinette-Lernen"]}]}},"_links":{"self":[{"href":"https:\/\/beatrix-becker.de\/en\/wp-json\/wp\/v2\/pages\/6535","targetHints":{"allow":["GET"]}}],"collection":[{"href":"https:\/\/beatrix-becker.de\/en\/wp-json\/wp\/v2\/pages"}],"about":[{"href":"https:\/\/beatrix-becker.de\/en\/wp-json\/wp\/v2\/types\/page"}],"author":[{"embeddable":true,"href":"https:\/\/beatrix-becker.de\/en\/wp-json\/wp\/v2\/users\/1"}],"replies":[{"embeddable":true,"href":"https:\/\/beatrix-becker.de\/en\/wp-json\/wp\/v2\/comments?post=6535"}],"version-history":[{"count":0,"href":"https:\/\/beatrix-becker.de\/en\/wp-json\/wp\/v2\/pages\/6535\/revisions"}],"wp:attachment":[{"href":"https:\/\/beatrix-becker.de\/en\/wp-json\/wp\/v2\/media?parent=6535"}],"curies":[{"name":"wp","href":"https:\/\/api.w.org\/{rel}","templated":true}]}}