{"id":62,"date":"2015-01-02T19:35:03","date_gmt":"2015-01-02T18:35:03","guid":{"rendered":"http:\/\/54426374.swh.strato-hosting.eu\/media-2\/"},"modified":"2025-08-20T11:53:23","modified_gmt":"2025-08-20T09:53:23","slug":"media","status":"publish","type":"page","link":"https:\/\/beatrix-becker.de\/en\/media\/","title":{"rendered":"Media"},"content":{"rendered":"<div id=\"cs-content\" class=\"cs-content\"><div class=\"x-section e62-e1 m1q-0 m1q-1\"><div class=\"x-row x-container max width e62-e2 m1q-3 m1q-4 m1q-5 m1q-6 m1q-9 m1q-a\"><div class=\"x-row-inner\"><div class=\"x-col e62-e3 m1q-f\"><hr class=\"x-line e62-e4 m1q-h m1q-i\"\/><div class=\"x-text x-text-headline e62-e5 m1q-l\"><div class=\"x-text-content\"><div class=\"x-text-content-text\"><h1 class=\"x-text-content-text-primary\">Music<\/h1>\n<\/div><\/div><\/div><hr class=\"x-line e62-e6 m1q-h m1q-i\"\/><div  class=\"x-audio embed\" ><iframe loading=\"lazy\" width=\"100%\" height=\"450\" scrolling=\"no\" frameborder=\"no\" allow=\"autoplay\" src=\"https:\/\/w.soundcloud.com\/player\/?url=https%3A\/\/api.soundcloud.com\/playlists\/1396827373&color=%23ff5500&auto_play=false&hide_related=false&show_comments=true&show_user=true&show_reposts=false&show_teaser=true\"><\/iframe><div style=\"font-size: 10px; color: #cccccc;line-break: anywhere;word-break: normal;overflow: hidden;white-space: nowrap;text-overflow: ellipsis; font-family: Interstate,Lucida Grande,Lucida Sans Unicode,Lucida Sans,Garuda,Verdana,Tahoma,sans-serif;font-weight: 100;\"><a href=\"https:\/\/soundcloud.com\/beatrix-becker\" title=\"Beatrix Becker\" target=\"_blank\" style=\"color: #cccccc; text-decoration: none;\">Beatrix Becker<\/a> \u00b7 <a href=\"https:\/\/soundcloud.com\/beatrix-becker\/sets\/book-of-bridges\" title=\"BOOK OF BRIDGES\" target=\"_blank\" style=\"color: #cccccc; text-decoration: none;\">BOOK OF BRIDGES<\/a><\/div><\/div><\/div><div class=\"x-col e62-e8 m1q-f m1q-g\"><hr class=\"x-line e62-e9 m1q-i m1q-j\"\/><a class=\"x-anchor x-anchor-button e62-e10 m1q-m\" tabindex=\"0\" href=\"https:\/\/beatrix-becker.de\/en\/product-category\/albums\/\"><div class=\"x-anchor-content\"><div class=\"x-anchor-text\"><span class=\"x-anchor-text-primary\">Discography<\/span><\/div><\/div><\/a><hr class=\"x-line e62-e11 m1q-h m1q-i\"\/><\/div><\/div><\/div><\/div><div class=\"x-section e62-e12 m1q-0 m1q-2\"><div class=\"x-row x-container max width e62-e13 m1q-3 m1q-4 m1q-5 m1q-6 m1q-9 m1q-b\"><div class=\"x-row-inner\"><div class=\"x-col e62-e14 m1q-f\"><hr class=\"x-line e62-e15 m1q-h m1q-i\"\/><div class=\"x-text x-text-headline e62-e16 m1q-l\"><div class=\"x-text-content\"><div class=\"x-text-content-text\"><h1 class=\"x-text-content-text-primary\">Videos<\/h1>\n<\/div><\/div><\/div><hr class=\"x-line e62-e17 m1q-h m1q-i\"\/><\/div><\/div><\/div><div class=\"x-row x-container max width e62-e18 m1q-3 m1q-7 m1q-8 m1q-c\"><div class=\"x-row-inner\"><div class=\"x-col e62-e19 m1q-f\"><div  class=\"x-video embed\" ><div class=\"x-video-inner\"><iframe loading=\"lazy\" width=\"833\" height=\"469\" src=\"https:\/\/www.youtube.com\/embed\/yzauQzJBkKw\" title=\"Jubil\u00e4umskonzert 10 Jahre &quot;Bridges of Music&quot;\" frameborder=\"0\" allow=\"accelerometer; autoplay; clipboard-write; encrypted-media; gyroscope; picture-in-picture; web-share\" allowfullscreen><\/iframe><\/div><\/div><\/div><\/div><\/div><div class=\"x-row x-container max width e62-e21 m1q-3 m1q-5 m1q-7 m1q-9 m1q-d\"><div class=\"x-row-inner\"><div class=\"x-col e62-e22 m1q-f\"><div  class=\"x-video embed\" ><div class=\"x-video-inner\"><iframe loading=\"lazy\" width=\"560\" height=\"315\" src=\"https:\/\/www.youtube.com\/embed\/_vdmyWPyqdM\" title=\"YouTube video player\" frameborder=\"0\" allow=\"accelerometer; autoplay; clipboard-write; encrypted-media; gyroscope; picture-in-picture\" allowfullscreen><\/iframe><\/div><\/div><div  class=\"x-video embed\" ><div class=\"x-video-inner\"><iframe loading=\"lazy\" width=\"560\" height=\"315\" src=\"https:\/\/www.youtube.com\/embed\/ti7UuGrJPgA\" title=\"YouTube video player\" frameborder=\"0\" allow=\"accelerometer; autoplay; clipboard-write; encrypted-media; gyroscope; picture-in-picture\" allowfullscreen><\/iframe><\/div><\/div><\/div><div class=\"x-col e62-e25 m1q-f\"><div  class=\"x-video embed\" ><div class=\"x-video-inner\"><iframe loading=\"lazy\" width=\"820\" height=\"461\" src=\"https:\/\/www.youtube.com\/embed\/ebnimbycHPM\" title=\"YouTube video player\" frameborder=\"0\" allow=\"accelerometer; autoplay; clipboard-write; encrypted-media; gyroscope; picture-in-picture\" allowfullscreen><\/iframe><\/div><\/div><div  class=\"x-video embed\" ><div class=\"x-video-inner\"><iframe loading=\"lazy\" width=\"966\" height=\"543\" src=\"https:\/\/www.youtube.com\/embed\/681gA9-hFCs\" frameborder=\"0\" allow=\"accelerometer; autoplay; clipboard-write; encrypted-media; gyroscope; picture-in-picture\" allowfullscreen><\/iframe><\/div><\/div><\/div><\/div><\/div><div class=\"x-row x-container max width e62-e28 m1q-3 m1q-5 m1q-6 m1q-7 m1q-9 m1q-e\"><div class=\"x-row-inner\"><div class=\"x-col e62-e29 m1q-f\"><div  class=\"x-video embed\" ><div class=\"x-video-inner\"><iframe loading=\"lazy\" width=\"560\" height=\"315\" src=\"https:\/\/www.youtube.com\/embed\/_x38frtL5v4\" title=\"YouTube video player\" frameborder=\"0\" allow=\"accelerometer; autoplay; clipboard-write; encrypted-media; gyroscope; picture-in-picture\" allowfullscreen><\/iframe><\/div><\/div><\/div><div class=\"x-col e62-e31 m1q-f\"><div  class=\"x-video embed\" ><div class=\"x-video-inner\"><iframe loading=\"lazy\" width=\"966\" height=\"543\" src=\"https:\/\/www.youtube.com\/embed\/NwKS9f0lMmI?list=PL3BC7FD645B03901F\" frameborder=\"0\" allow=\"accelerometer; autoplay; clipboard-write; encrypted-media; gyroscope; picture-in-picture\" allowfullscreen><\/iframe><\/div><\/div><\/div><div class=\"x-col e62-e33 m1q-f\"><div  class=\"x-video embed\" ><div class=\"x-video-inner\"><iframe loading=\"lazy\" width=\"966\" height=\"543\" src=\"https:\/\/www.youtube.com\/embed\/PCcXfFAPnyQ?list=PL3BC7FD645B03901F\" frameborder=\"0\" allow=\"accelerometer; autoplay; clipboard-write; encrypted-media; gyroscope; picture-in-picture\" allowfullscreen><\/iframe><\/div><\/div><\/div><div class=\"x-col e62-e35 m1q-f\"><hr class=\"x-line e62-e36 m1q-i m1q-j\"\/><a class=\"x-anchor x-anchor-button e62-e37 m1q-m\" tabindex=\"0\" href=\"https:\/\/www.youtube.com\/c\/BeatrixBeckerMusic\" target=\"_blank\" rel=\"noopener noreferrer\"><div class=\"x-anchor-content\"><div class=\"x-anchor-text\"><span class=\"x-anchor-text-primary\">YouTube CHANNEL<\/span><\/div><\/div><\/a><hr class=\"x-line e62-e38 m1q-i m1q-k\"\/><\/div><\/div><\/div><\/div><\/div>","protected":false},"excerpt":{"rendered":"<p>Music Beatrix Becker \u00b7 BOOK OF BRIDGESDiscographyVideos YouTube CHANNEL<\/p>\n","protected":false},"author":1,"featured_media":0,"parent":0,"menu_order":0,"comment_status":"closed","ping_status":"closed","template":"template-blank-4.php","meta":{"rs_blank_template":"","rs_page_bg_color":"","slide_template_v7":"","footnotes":""},"class_list":["post-62","page","type-page","status-publish","hentry","no-post-thumbnail"],"yoast_head":"<!-- This site is optimized with the Yoast SEO plugin v27.3 - https:\/\/yoast.com\/product\/yoast-seo-wordpress\/ -->\n<title>Media - Beatrix Becker<\/title>\n<meta name=\"robots\" content=\"index, follow, max-snippet:-1, max-image-preview:large, max-video-preview:-1\" \/>\n<link rel=\"canonical\" href=\"https:\/\/beatrix-becker.de\/en\/media\/\" \/>\n<meta property=\"og:locale\" content=\"en_US\" \/>\n<meta property=\"og:type\" content=\"article\" \/>\n<meta property=\"og:title\" content=\"Media - Beatrix Becker\" \/>\n<meta property=\"og:description\" content=\"Music Beatrix Becker \u00b7 BOOK OF BRIDGESDiscographyVideos YouTube CHANNEL\" \/>\n<meta property=\"og:url\" content=\"https:\/\/beatrix-becker.de\/en\/media\/\" \/>\n<meta property=\"og:site_name\" content=\"Beatrix Becker\" \/>\n<meta property=\"article:publisher\" content=\"https:\/\/www.facebook.com\/beatrix.becker.music\/\" \/>\n<meta property=\"article:modified_time\" content=\"2025-08-20T09:53:23+00:00\" \/>\n<meta property=\"og:image\" content=\"https:\/\/beatrix-becker.de\/wp-content\/uploads\/2024\/02\/FuchsBeatrixBecker22_0106-scaled.jpg\" \/>\n\t<meta property=\"og:image:width\" content=\"2560\" \/>\n\t<meta property=\"og:image:height\" content=\"1392\" \/>\n\t<meta property=\"og:image:type\" content=\"image\/jpeg\" \/>\n<meta name=\"twitter:card\" content=\"summary_large_image\" \/>\n<script type=\"application\/ld+json\" class=\"yoast-schema-graph\">{\"@context\":\"https:\\\/\\\/schema.org\",\"@graph\":[{\"@type\":\"WebPage\",\"@id\":\"https:\\\/\\\/beatrix-becker.de\\\/en\\\/media\\\/\",\"url\":\"https:\\\/\\\/beatrix-becker.de\\\/en\\\/media\\\/\",\"name\":\"Media - Beatrix Becker\",\"isPartOf\":{\"@id\":\"https:\\\/\\\/beatrix-becker.de\\\/en\\\/#website\"},\"datePublished\":\"2015-01-02T18:35:03+00:00\",\"dateModified\":\"2025-08-20T09:53:23+00:00\",\"breadcrumb\":{\"@id\":\"https:\\\/\\\/beatrix-becker.de\\\/en\\\/media\\\/#breadcrumb\"},\"inLanguage\":\"en-US\",\"potentialAction\":[{\"@type\":\"ReadAction\",\"target\":[\"https:\\\/\\\/beatrix-becker.de\\\/en\\\/media\\\/\"]}]},{\"@type\":\"BreadcrumbList\",\"@id\":\"https:\\\/\\\/beatrix-becker.de\\\/en\\\/media\\\/#breadcrumb\",\"itemListElement\":[{\"@type\":\"ListItem\",\"position\":1,\"name\":\"Startseite\",\"item\":\"https:\\\/\\\/beatrix-becker.de\\\/en\\\/beatrix-becker-composer-musician-bridges-of-music\\\/\"},{\"@type\":\"ListItem\",\"position\":2,\"name\":\"Media\"}]},{\"@type\":\"WebSite\",\"@id\":\"https:\\\/\\\/beatrix-becker.de\\\/en\\\/#website\",\"url\":\"https:\\\/\\\/beatrix-becker.de\\\/en\\\/\",\"name\":\"Beatrix Becker | Bridges of Music\",\"description\":\"Klavier Klarinette Komposition\",\"publisher\":{\"@id\":\"https:\\\/\\\/beatrix-becker.de\\\/en\\\/#\\\/schema\\\/person\\\/b78b650e7555d44f1c9a1b180d99e3e0\"},\"alternateName\":\"Beatrix Becker\",\"potentialAction\":[{\"@type\":\"SearchAction\",\"target\":{\"@type\":\"EntryPoint\",\"urlTemplate\":\"https:\\\/\\\/beatrix-becker.de\\\/en\\\/?s={search_term_string}\"},\"query-input\":{\"@type\":\"PropertyValueSpecification\",\"valueRequired\":true,\"valueName\":\"search_term_string\"}}],\"inLanguage\":\"en-US\"},{\"@type\":[\"Person\",\"Organization\"],\"@id\":\"https:\\\/\\\/beatrix-becker.de\\\/en\\\/#\\\/schema\\\/person\\\/b78b650e7555d44f1c9a1b180d99e3e0\",\"name\":\"Beatrix Becker\",\"image\":{\"@type\":\"ImageObject\",\"inLanguage\":\"en-US\",\"@id\":\"https:\\\/\\\/beatrix-becker.de\\\/wp-content\\\/uploads\\\/2024\\\/02\\\/FuchsBeatrixBecker22_0106-scaled.jpg\",\"url\":\"https:\\\/\\\/beatrix-becker.de\\\/wp-content\\\/uploads\\\/2024\\\/02\\\/FuchsBeatrixBecker22_0106-scaled.jpg\",\"contentUrl\":\"https:\\\/\\\/beatrix-becker.de\\\/wp-content\\\/uploads\\\/2024\\\/02\\\/FuchsBeatrixBecker22_0106-scaled.jpg\",\"width\":2560,\"height\":1392,\"caption\":\"Beatrix Becker\"},\"logo\":{\"@id\":\"https:\\\/\\\/beatrix-becker.de\\\/wp-content\\\/uploads\\\/2024\\\/02\\\/FuchsBeatrixBecker22_0106-scaled.jpg\"},\"description\":\"Komponistin, Klarinettistin, Coach. Vor ihrer Solo-Karriere studierte die Komponistin und Musikerin Beatrix Becker klassische Klarinette und Klavier. Als Bandleaderin und Solistin ver\u00f6ffentlichte sie zahlreiche Alben und spielte Konzerte in Deutschland, Europa, Israel und den USA, unter anderem mit Gr\u00f6\u00dfen wie Raul Jaurena, Helmut Eisel und Giora Feidman, der auf seinem Album Klezmer Bridges eine Einspielung ihrer Komposition \u201eUna Sonrisa\u201c ver\u00f6ffentlichte. 2012 folgte Beatrix Becker ihrem Bauchgef\u00fchl nach Buenos Aires und fand in der lebensfrohen, ein wenig aus der Zeit gefallenen Metropole den idealen Besinnungsort f\u00fcr ihre erste Solo-CD Melody of Love - \u201eein bemerkenswerter Ausdruck unserer Zeit\u201c (Carsten D\u00fcrer, PIANONews). Als Artist in Residence verbrachte sie 2013 mehrere Monate in der Schweiz - ihre CD Wassermusiken spiegelt in Klang gegossen die Eindr\u00fccke aus der unber\u00fchrten Natur, etablierte sie als \u201eTondichterin\u201c (Tip Berlin) und festigte ihren Ruf als \u201edas Berliner Fr\u00e4uleinwunder\u201c (Nicole Graner, S\u00fcddeutsche Zeitung) in der Veranstaltungsszene. 2015 gr\u00fcndete Beatrix Becker das Projekt Bridges of Music und unternahm mit Unterst\u00fctzung der Deutschen Botschaft in New York eine Konzert- und Begegnungsreise von New York \u00fcber London nach Berlin. Anschlie\u00dfend wurde sie von visitBerlin als musikalische Botschafterin nach Istanbul eingeladen, um dort 2016 im Rahmen der neuen Berlin-Kampagne zu konzertieren. Im selben Jahr erschien ihr im Berliner Hansastudio eingespieltes Album Phoenix. 2017 konzertierte Beatrix Becker anl\u00e4sslich des Martin Luther King Tages f\u00fcr die US Botschaft. Im Institute For Cultural Diplomacy (ICD) pr\u00e4sentierte sie Bridges of Music w\u00e4hrend des internationalen Symposiums Cultural Diplomacy in Germany. Ihren Ruf als \\\"one of Berlin\u2018s finest examples of musical talent\\\" (German World Magazine) erwarb sich Beatrix Becker 2018 in Los Angeles, wo sie zum 50-j\u00e4hrigen Jubil\u00e4um der St\u00e4dtepartnerschaft LA-Berlin ein Konzert gab. 2018 erschien in Zusammenarbeit mit dem Dresdner Gitarristen Benjamin Doppscher ihr Album f\u00fcr Klarinette und Gitarre: Kintsugi 2019 f\u00fchrte sie die Bridges of Music Reihe nach Luzern und Potsdam. Hier gab sie zwei Kooperationskonzerte mit dem Chor Luzern, unterst\u00fctzt von der Stadt Potsdam und der St\u00e4dtepartnerschaft Potsdam-Luzern. Im selben Jahr durfte sie mit Kompositionen ihres Bridges Of Music Programms zum Gala-Dinner \u201e30 Jahre Mauerfall\u201c im Berliner Bodemuseum konzertieren. 2020 initiierte sie ein Kooperationsvideo Bridges of Music, auf dem weltweit 50 Musiker*innen w\u00e4hrend des Covid-19 bedingten \u201eLockdowns\u201c im M\u00e4rz 2020 virtuell zusammen musizierten. 2022 erschien ihr aktuelles Album Book of Bridges: \\\"Welchen Tiefgang das Projekt hat, demonstriert sie auf ihrem neuen Album.\\\" (Erik Prochnow - Folker) 2023 feiert Beatrix Becker 10-j\u00e4hriges Jubil\u00e4um mit ihrer verbindenden Plattform Bridges of Music. Derzeit arbeitet die Komponistin an einem neuen Album Roots and Wings. Neben ihrer T\u00e4tigkeit als K\u00fcnstlerin und Komponistin ist sie auch als Dozentin aktiv und bietet Kurse in B\u00fchnentraining, Komposition und Improvisation an. 2023 gr\u00fcndete sie die Bridges of Music Academy, die unter anderem ihren erfolgreichen Online-Kurs Kreativ Klarinette Lernen beherbergt. Eine Auswahl ihrer Kompositionen erscheint seit 2017 im Friedrich Hofmeister Musikverlag.\",\"sameAs\":[\"https:\\\/\\\/www.beatrix-becker.de\",\"https:\\\/\\\/www.facebook.com\\\/beatrix.becker.music\\\/\",\"https:\\\/\\\/www.instagram.com\\\/beatrix_becker_music\",\"https:\\\/\\\/www.youtube.com\\\/@Kreativ-Klarinette-Lernen\"]}]}<\/script>\n<!-- \/ Yoast SEO plugin. -->","yoast_head_json":{"title":"Media - Beatrix Becker","robots":{"index":"index","follow":"follow","max-snippet":"max-snippet:-1","max-image-preview":"max-image-preview:large","max-video-preview":"max-video-preview:-1"},"canonical":"https:\/\/beatrix-becker.de\/en\/media\/","og_locale":"en_US","og_type":"article","og_title":"Media - Beatrix Becker","og_description":"Music Beatrix Becker \u00b7 BOOK OF BRIDGESDiscographyVideos YouTube CHANNEL","og_url":"https:\/\/beatrix-becker.de\/en\/media\/","og_site_name":"Beatrix Becker","article_publisher":"https:\/\/www.facebook.com\/beatrix.becker.music\/","article_modified_time":"2025-08-20T09:53:23+00:00","og_image":[{"width":2560,"height":1392,"url":"https:\/\/beatrix-becker.de\/wp-content\/uploads\/2024\/02\/FuchsBeatrixBecker22_0106-scaled.jpg","type":"image\/jpeg"}],"twitter_card":"summary_large_image","schema":{"@context":"https:\/\/schema.org","@graph":[{"@type":"WebPage","@id":"https:\/\/beatrix-becker.de\/en\/media\/","url":"https:\/\/beatrix-becker.de\/en\/media\/","name":"Media - Beatrix Becker","isPartOf":{"@id":"https:\/\/beatrix-becker.de\/en\/#website"},"datePublished":"2015-01-02T18:35:03+00:00","dateModified":"2025-08-20T09:53:23+00:00","breadcrumb":{"@id":"https:\/\/beatrix-becker.de\/en\/media\/#breadcrumb"},"inLanguage":"en-US","potentialAction":[{"@type":"ReadAction","target":["https:\/\/beatrix-becker.de\/en\/media\/"]}]},{"@type":"BreadcrumbList","@id":"https:\/\/beatrix-becker.de\/en\/media\/#breadcrumb","itemListElement":[{"@type":"ListItem","position":1,"name":"Startseite","item":"https:\/\/beatrix-becker.de\/en\/beatrix-becker-composer-musician-bridges-of-music\/"},{"@type":"ListItem","position":2,"name":"Media"}]},{"@type":"WebSite","@id":"https:\/\/beatrix-becker.de\/en\/#website","url":"https:\/\/beatrix-becker.de\/en\/","name":"Beatrix Becker | Bridges of Music","description":"Klavier Klarinette Komposition","publisher":{"@id":"https:\/\/beatrix-becker.de\/en\/#\/schema\/person\/b78b650e7555d44f1c9a1b180d99e3e0"},"alternateName":"Beatrix Becker","potentialAction":[{"@type":"SearchAction","target":{"@type":"EntryPoint","urlTemplate":"https:\/\/beatrix-becker.de\/en\/?s={search_term_string}"},"query-input":{"@type":"PropertyValueSpecification","valueRequired":true,"valueName":"search_term_string"}}],"inLanguage":"en-US"},{"@type":["Person","Organization"],"@id":"https:\/\/beatrix-becker.de\/en\/#\/schema\/person\/b78b650e7555d44f1c9a1b180d99e3e0","name":"Beatrix Becker","image":{"@type":"ImageObject","inLanguage":"en-US","@id":"https:\/\/beatrix-becker.de\/wp-content\/uploads\/2024\/02\/FuchsBeatrixBecker22_0106-scaled.jpg","url":"https:\/\/beatrix-becker.de\/wp-content\/uploads\/2024\/02\/FuchsBeatrixBecker22_0106-scaled.jpg","contentUrl":"https:\/\/beatrix-becker.de\/wp-content\/uploads\/2024\/02\/FuchsBeatrixBecker22_0106-scaled.jpg","width":2560,"height":1392,"caption":"Beatrix Becker"},"logo":{"@id":"https:\/\/beatrix-becker.de\/wp-content\/uploads\/2024\/02\/FuchsBeatrixBecker22_0106-scaled.jpg"},"description":"Komponistin, Klarinettistin, Coach. Vor ihrer Solo-Karriere studierte die Komponistin und Musikerin Beatrix Becker klassische Klarinette und Klavier. Als Bandleaderin und Solistin ver\u00f6ffentlichte sie zahlreiche Alben und spielte Konzerte in Deutschland, Europa, Israel und den USA, unter anderem mit Gr\u00f6\u00dfen wie Raul Jaurena, Helmut Eisel und Giora Feidman, der auf seinem Album Klezmer Bridges eine Einspielung ihrer Komposition \u201eUna Sonrisa\u201c ver\u00f6ffentlichte. 2012 folgte Beatrix Becker ihrem Bauchgef\u00fchl nach Buenos Aires und fand in der lebensfrohen, ein wenig aus der Zeit gefallenen Metropole den idealen Besinnungsort f\u00fcr ihre erste Solo-CD Melody of Love - \u201eein bemerkenswerter Ausdruck unserer Zeit\u201c (Carsten D\u00fcrer, PIANONews). Als Artist in Residence verbrachte sie 2013 mehrere Monate in der Schweiz - ihre CD Wassermusiken spiegelt in Klang gegossen die Eindr\u00fccke aus der unber\u00fchrten Natur, etablierte sie als \u201eTondichterin\u201c (Tip Berlin) und festigte ihren Ruf als \u201edas Berliner Fr\u00e4uleinwunder\u201c (Nicole Graner, S\u00fcddeutsche Zeitung) in der Veranstaltungsszene. 2015 gr\u00fcndete Beatrix Becker das Projekt Bridges of Music und unternahm mit Unterst\u00fctzung der Deutschen Botschaft in New York eine Konzert- und Begegnungsreise von New York \u00fcber London nach Berlin. Anschlie\u00dfend wurde sie von visitBerlin als musikalische Botschafterin nach Istanbul eingeladen, um dort 2016 im Rahmen der neuen Berlin-Kampagne zu konzertieren. Im selben Jahr erschien ihr im Berliner Hansastudio eingespieltes Album Phoenix. 2017 konzertierte Beatrix Becker anl\u00e4sslich des Martin Luther King Tages f\u00fcr die US Botschaft. Im Institute For Cultural Diplomacy (ICD) pr\u00e4sentierte sie Bridges of Music w\u00e4hrend des internationalen Symposiums Cultural Diplomacy in Germany. Ihren Ruf als \"one of Berlin\u2018s finest examples of musical talent\" (German World Magazine) erwarb sich Beatrix Becker 2018 in Los Angeles, wo sie zum 50-j\u00e4hrigen Jubil\u00e4um der St\u00e4dtepartnerschaft LA-Berlin ein Konzert gab. 2018 erschien in Zusammenarbeit mit dem Dresdner Gitarristen Benjamin Doppscher ihr Album f\u00fcr Klarinette und Gitarre: Kintsugi 2019 f\u00fchrte sie die Bridges of Music Reihe nach Luzern und Potsdam. Hier gab sie zwei Kooperationskonzerte mit dem Chor Luzern, unterst\u00fctzt von der Stadt Potsdam und der St\u00e4dtepartnerschaft Potsdam-Luzern. Im selben Jahr durfte sie mit Kompositionen ihres Bridges Of Music Programms zum Gala-Dinner \u201e30 Jahre Mauerfall\u201c im Berliner Bodemuseum konzertieren. 2020 initiierte sie ein Kooperationsvideo Bridges of Music, auf dem weltweit 50 Musiker*innen w\u00e4hrend des Covid-19 bedingten \u201eLockdowns\u201c im M\u00e4rz 2020 virtuell zusammen musizierten. 2022 erschien ihr aktuelles Album Book of Bridges: \"Welchen Tiefgang das Projekt hat, demonstriert sie auf ihrem neuen Album.\" (Erik Prochnow - Folker) 2023 feiert Beatrix Becker 10-j\u00e4hriges Jubil\u00e4um mit ihrer verbindenden Plattform Bridges of Music. Derzeit arbeitet die Komponistin an einem neuen Album Roots and Wings. Neben ihrer T\u00e4tigkeit als K\u00fcnstlerin und Komponistin ist sie auch als Dozentin aktiv und bietet Kurse in B\u00fchnentraining, Komposition und Improvisation an. 2023 gr\u00fcndete sie die Bridges of Music Academy, die unter anderem ihren erfolgreichen Online-Kurs Kreativ Klarinette Lernen beherbergt. Eine Auswahl ihrer Kompositionen erscheint seit 2017 im Friedrich Hofmeister Musikverlag.","sameAs":["https:\/\/www.beatrix-becker.de","https:\/\/www.facebook.com\/beatrix.becker.music\/","https:\/\/www.instagram.com\/beatrix_becker_music","https:\/\/www.youtube.com\/@Kreativ-Klarinette-Lernen"]}]}},"_links":{"self":[{"href":"https:\/\/beatrix-becker.de\/en\/wp-json\/wp\/v2\/pages\/62","targetHints":{"allow":["GET"]}}],"collection":[{"href":"https:\/\/beatrix-becker.de\/en\/wp-json\/wp\/v2\/pages"}],"about":[{"href":"https:\/\/beatrix-becker.de\/en\/wp-json\/wp\/v2\/types\/page"}],"author":[{"embeddable":true,"href":"https:\/\/beatrix-becker.de\/en\/wp-json\/wp\/v2\/users\/1"}],"replies":[{"embeddable":true,"href":"https:\/\/beatrix-becker.de\/en\/wp-json\/wp\/v2\/comments?post=62"}],"version-history":[{"count":0,"href":"https:\/\/beatrix-becker.de\/en\/wp-json\/wp\/v2\/pages\/62\/revisions"}],"wp:attachment":[{"href":"https:\/\/beatrix-becker.de\/en\/wp-json\/wp\/v2\/media?parent=62"}],"curies":[{"name":"wp","href":"https:\/\/api.w.org\/{rel}","templated":true}]}}