{"id":3513,"date":"2020-12-18T15:53:38","date_gmt":"2020-12-18T13:53:38","guid":{"rendered":"https:\/\/beatrix-becker.de\/?page_id=3513"},"modified":"2025-09-30T23:37:48","modified_gmt":"2025-09-30T21:37:48","slug":"biography","status":"publish","type":"page","link":"https:\/\/beatrix-becker.de\/en\/biography\/","title":{"rendered":"Biographie"},"content":{"rendered":"<div id=\"cs-content\" class=\"cs-content\"><div class=\"x-section e3513-e1 m2pl-0 m2pl-1\"><div class=\"x-row x-container max width e3513-e2 m2pl-4 m2pl-5 m2pl-6\"><div class=\"x-row-inner\"><div class=\"x-col e3513-e3 m2pl-9\"><hr class=\"x-line e3513-e4 m2pl-b m2pl-c\"\/><div class=\"x-text x-text-headline e3513-e5 m2pl-f\"><div class=\"x-text-content\"><div class=\"x-text-content-text\"><h1 class=\"x-text-content-text-primary\">BiographY<\/h1>\n<\/div><\/div><\/div><hr class=\"x-line e3513-e6 m2pl-b m2pl-c\"\/><div class=\"x-text x-content e3513-e7 m2pl-g\"><p>Before her solo career the composer and musician Beatrix Becker studied classical clarinet and piano. As a bandleader and soloist, she then released numerous albums and played concerts in Germany, Europe, Israel and the United States, alongside other greats like Raul Jaurena, Helmut Eisel, and Giora Feidman, also known as \"The King of Klezmer\" who later released a recording of her composition \"Una Sonrisa\" on his album\u00a0<em>Klezmer Bridges<\/em>.<\/p>\n<p>In 2012, Beatrix Becker followed her intuition to Buenos Aires and found the vibrant metropolis to be the perfect inspiration for her first solo album,\u00a0<em>Melody of Love<\/em>, which was critically acclaimed as\u00a0\"a remarkable reflection of our times\" (Carsten D\u00fcrer,\u00a0<em>PIANONews<\/em>).<\/p>\n<p>As an artist in residence, she spent several months in Switzerland in 2013 - her CD\u00a0<em>Wassermusiken<\/em>\u00a0(Water Music) reflects the impressions of untouched-nature then cast as melodies, which established her as a \"tone poet\" (Tip Berlin) and cemented her reputation as \"the Berlin Fr\u00e4uleinwunder\" (Nicole Graner, S\u00fcddeutsche Zeitung) in the event scene.<\/p>\n<p>In 2014 she founded the project\u00a0<em>Bridges of Music<\/em>. Then in 2015 with support by the German Embassy in New York she toured from New York to London and then back to Berlin. For\u00a0<em>VisitBerlin<\/em>\u2019s 2016 campaign she was invited to Istanbul as the musical representative of Berlin.<\/p>\n<p>In the same year, her new album\u00a0<em>Phoenix,<\/em>\u00a0which was recorded in the Hansastudios in Berlin, was then released.<\/p>\n<p>In 2017 Beatrix Becker gave a concert for the US Embassy honoring Martin Luther King Day. At the\u00a0<em>Institute for Cultural Diplomacy<\/em>\u00a0(ICD) she presented\u00a0<em>Bridges of Music<\/em>\u00a0during the international symposium\u00a0<em>Cultural Diplomacy in Germany<\/em>.<\/p>\n<p>Beatrix Becker earned her reputation as \"one of Berlin's finest examples of musical talent\" (German World Magazine) in Los Angeles in 2018, where she played a concert for the 50th anniversary of the LA-Berlin Sister City.<\/p>\n<p>In 2018 her new album\u00a0<em>Kintsugi\u00a0<\/em>for clarinet and guitar was released in cooperation with the Dresden guitarist Benjamin Doppscher.<\/p>\n<p>In 2019 she led the\u00a0<em>Bridges of Music<\/em>\u00a0series to Lucerne and Potsdam. Here she performed two cooperative concerts with the Lucerne Choir, supported by the city of Potsdam and the Potsdam-Lucerne Sister City.<\/p>\n<p>In the same year she also performed compositions from her\u00a0<em>Bridges of Music<\/em>\u00a0program at the gala dinner \"Peaceful Revolution - 30 Years Fall of The Wall\" at Berlin's Bodemuseum.<\/p>\n<p>In 2020, she initiated a collaborative video, called\u00a0<em>Bridges of Music<\/em>, on which 50 musicians worldwide virtually made music together during the Covid-19 conditioned \"lockdown\" in March 2020.<\/p>\n<p>2022 she published her new album <em>Book of Bridges: <\/em>What depth the project has, she demonstrates on her new album.\" (Erik Prochnow - Folker)<\/p>\n<p class=\"p1\">In 2023, Beatrix Becker celebrates the 10th anniversary of her unifying platform, <i>Bridges of Music<\/i>.<\/p>\n<p class=\"p1\">The composer is currently working on a new album, <i>Roots and Wings<\/i>.<\/p>\n<p class=\"p1\">In addition to her work as an artist and composer, she is also active as a music coach, offering courses in stage performance, composition, and improvisation. In 2023, she founded the <i>Bridges of Music Academy<\/i>, which also hosts her successful online course <i>Creative Clarinet Playing<\/i>.<\/p>\n<p class=\"p1\">A selection of her compositions has been published by Friedrich Hofmeister Musikverlag since 2017.<\/p><\/div><\/div><div class=\"x-col e3513-e8 m2pl-9 m2pl-a\"><hr class=\"x-line e3513-e9 m2pl-c m2pl-d\"\/><\/div><\/div><\/div><\/div><div class=\"x-section e3513-e10 m2pl-0 m2pl-2\"><div class=\"x-bg\" aria-hidden=\"true\"><div class=\"x-bg-layer-lower-image\" data-x-element-bg-layer=\"{&quot;parallaxSize&quot;:&quot;120%&quot;,&quot;parallaxDir&quot;:&quot;v&quot;,&quot;parallaxRev&quot;:false}\"><\/div><\/div><div class=\"x-row x-container max width e3513-e11 m2pl-4 m2pl-5 m2pl-7\"><div class=\"x-row-inner\"><div class=\"x-col e3513-e12 m2pl-9\"><hr class=\"x-line e3513-e13 m2pl-c m2pl-e\"\/><\/div><\/div><\/div><\/div><div class=\"x-section e3513-e14 m2pl-0 m2pl-3\"><div class=\"x-row x-container max width e3513-e15 m2pl-4 m2pl-5 m2pl-8\"><div class=\"x-row-inner\"><div class=\"x-col e3513-e16 m2pl-9\"><hr class=\"x-line e3513-e17 m2pl-b m2pl-c\"\/><div class=\"x-text x-text-headline e3513-e18 m2pl-f\"><div class=\"x-text-content\"><div class=\"x-text-content-text\"><h1 class=\"x-text-content-text-primary\">Press Quotes<\/h1>\n<\/div><\/div><\/div><hr class=\"x-line e3513-e19 m2pl-b m2pl-c\"\/><div class=\"x-text x-content e3513-e20 m2pl-g\"><p>\"What depth the project has, she demonstrates on her new album.\" (Erik Prochnow - Folker)<\/p>\n<p>\"Extremely, energetic instrumental music\" (Ronald Klein - Tip Berlin)<\/p>\n<p>\u201cOne of Berlin`s finest examples of musical talent\u201d (Petra Schurmann \u2013 German World Magazine)<\/p>\n<p>\u201cThe trio enchanted the audience with musical magic and conveyed that music can break all boundaries and act as a bridge between people of different cultures.\u201d (Staats-Zeitung)<\/p>\n<p>\u201cIn her homeland she is still considered as an insider tip.\u201d (Ronald Klein \u2013 tip Berlin)<\/p>\n<p>\u201cThe Berlin Fr\u00e4uleinwunder\u201d (Nicole Graner \u2013 S\u00fcddeutsche Zeitung)<\/p>\n<p>\u201cGreat musical sensibility\u201d (Berliner Morgenpost)<\/p>\n<p>\u201cFragile yet enormously energetic tone poem\u201d (Zitty)<\/p>\n<p>\u201cWhat she plays on her instruments indiscriminately and in the same way sensitively sensual, then released and extroverted, she has in her head, in her hands and in her breath. This will be on the clarinet and bass clarinet liveliest, beautiful music\u201d (Karl-Heinz Veit \u2013 Th\u00fcringer Allgemeine)<\/p>\n<p>\u201cA touching and refreshing work\u201d (Tessiner Zeitung)<\/p>\n<p>\u201cA remarkable expression of our time\u201d (Carsten D\u00fcrer \u2013 Piano News)<\/p>\n<p>\u201cIn the exciting interplay of the musicians, the true spirit of jazz is more noticeable than in even the most \u201cavant-garde\u201d sound experiments of many freelance improvisers.\u201d (Nathan N\u00f6rgel \u2013 Wasser Prawda)<\/p><\/div><hr class=\"x-line e3513-e21 m2pl-b m2pl-c\"\/><\/div><\/div><\/div><\/div><\/div>","protected":false},"excerpt":{"rendered":"<p>BiographY Before her solo career the composer and musician Beatrix Becker studied classical clarinet and piano. As a bandleader and soloist, she then released numerous albums and played concerts in Germany, Europe, Israel and the United States, alongside other greats like Raul Jaurena, Helmut Eisel, and Giora Feidman, also known as &#8220;The King of Klezmer&#8221; who later released a recording &#8230; <a href=\"https:\/\/beatrix-becker.de\/en\/biography\/\" class=\"more-link\">Read More<\/a><\/p>\n","protected":false},"author":1,"featured_media":0,"parent":0,"menu_order":0,"comment_status":"closed","ping_status":"closed","template":"template-blank-4.php","meta":{"rs_blank_template":"","rs_page_bg_color":"","slide_template_v7":"","footnotes":""},"class_list":["post-3513","page","type-page","status-publish","hentry","no-post-thumbnail"],"yoast_head":"<!-- This site is optimized with the Yoast SEO plugin v27.3 - https:\/\/yoast.com\/product\/yoast-seo-wordpress\/ -->\n<title>Beatrix Becker \u2013 Biography | Composer &amp; Clarinetist<\/title>\n<meta name=\"description\" content=\"Biography of Beatrix Becker \u2013 composer and clarinetist. Discover her music, albums and Bridges of Music projects.\" \/>\n<meta name=\"robots\" content=\"index, follow, max-snippet:-1, max-image-preview:large, max-video-preview:-1\" \/>\n<link rel=\"canonical\" href=\"https:\/\/beatrix-becker.de\/en\/biography\/\" \/>\n<meta property=\"og:locale\" content=\"en_US\" \/>\n<meta property=\"og:type\" content=\"article\" \/>\n<meta property=\"og:title\" content=\"Beatrix Becker \u2013 Biography | Composer &amp; Clarinetist\" \/>\n<meta property=\"og:description\" content=\"Biography of Beatrix Becker \u2013 composer and clarinetist. Discover her music, albums and Bridges of Music projects.\" \/>\n<meta property=\"og:url\" content=\"https:\/\/beatrix-becker.de\/en\/biography\/\" \/>\n<meta property=\"og:site_name\" content=\"Beatrix Becker\" \/>\n<meta property=\"article:publisher\" content=\"https:\/\/www.facebook.com\/beatrix.becker.music\/\" \/>\n<meta property=\"article:modified_time\" content=\"2025-09-30T21:37:48+00:00\" \/>\n<meta property=\"og:image\" content=\"https:\/\/beatrix-becker.de\/wp-content\/uploads\/2024\/02\/FuchsBeatrixBecker22_0106-scaled.jpg\" \/>\n\t<meta property=\"og:image:width\" content=\"2560\" \/>\n\t<meta property=\"og:image:height\" content=\"1392\" \/>\n\t<meta property=\"og:image:type\" content=\"image\/jpeg\" \/>\n<meta name=\"twitter:card\" content=\"summary_large_image\" \/>\n<meta name=\"twitter:label1\" content=\"Est. reading time\" \/>\n\t<meta name=\"twitter:data1\" content=\"8 minutes\" \/>\n<script type=\"application\/ld+json\" class=\"yoast-schema-graph\">{\"@context\":\"https:\\\/\\\/schema.org\",\"@graph\":[{\"@type\":\"WebPage\",\"@id\":\"https:\\\/\\\/beatrix-becker.de\\\/en\\\/biography\\\/\",\"url\":\"https:\\\/\\\/beatrix-becker.de\\\/en\\\/biography\\\/\",\"name\":\"Beatrix Becker \u2013 Biography | Composer & Clarinetist\",\"isPartOf\":{\"@id\":\"https:\\\/\\\/beatrix-becker.de\\\/en\\\/#website\"},\"datePublished\":\"2020-12-18T13:53:38+00:00\",\"dateModified\":\"2025-09-30T21:37:48+00:00\",\"description\":\"Biography of Beatrix Becker \u2013 composer and clarinetist. Discover her music, albums and Bridges of Music projects.\",\"breadcrumb\":{\"@id\":\"https:\\\/\\\/beatrix-becker.de\\\/en\\\/biography\\\/#breadcrumb\"},\"inLanguage\":\"en-US\",\"potentialAction\":[{\"@type\":\"ReadAction\",\"target\":[\"https:\\\/\\\/beatrix-becker.de\\\/en\\\/biography\\\/\"]}]},{\"@type\":\"BreadcrumbList\",\"@id\":\"https:\\\/\\\/beatrix-becker.de\\\/en\\\/biography\\\/#breadcrumb\",\"itemListElement\":[{\"@type\":\"ListItem\",\"position\":1,\"name\":\"Startseite\",\"item\":\"https:\\\/\\\/beatrix-becker.de\\\/en\\\/beatrix-becker-composer-musician-bridges-of-music\\\/\"},{\"@type\":\"ListItem\",\"position\":2,\"name\":\"Biographie\"}]},{\"@type\":\"WebSite\",\"@id\":\"https:\\\/\\\/beatrix-becker.de\\\/en\\\/#website\",\"url\":\"https:\\\/\\\/beatrix-becker.de\\\/en\\\/\",\"name\":\"Beatrix Becker | Bridges of Music\",\"description\":\"Klavier Klarinette Komposition\",\"publisher\":{\"@id\":\"https:\\\/\\\/beatrix-becker.de\\\/en\\\/#\\\/schema\\\/person\\\/b78b650e7555d44f1c9a1b180d99e3e0\"},\"alternateName\":\"Beatrix Becker\",\"potentialAction\":[{\"@type\":\"SearchAction\",\"target\":{\"@type\":\"EntryPoint\",\"urlTemplate\":\"https:\\\/\\\/beatrix-becker.de\\\/en\\\/?s={search_term_string}\"},\"query-input\":{\"@type\":\"PropertyValueSpecification\",\"valueRequired\":true,\"valueName\":\"search_term_string\"}}],\"inLanguage\":\"en-US\"},{\"@type\":[\"Person\",\"Organization\"],\"@id\":\"https:\\\/\\\/beatrix-becker.de\\\/en\\\/#\\\/schema\\\/person\\\/b78b650e7555d44f1c9a1b180d99e3e0\",\"name\":\"Beatrix Becker\",\"image\":{\"@type\":\"ImageObject\",\"inLanguage\":\"en-US\",\"@id\":\"https:\\\/\\\/beatrix-becker.de\\\/wp-content\\\/uploads\\\/2024\\\/02\\\/FuchsBeatrixBecker22_0106-scaled.jpg\",\"url\":\"https:\\\/\\\/beatrix-becker.de\\\/wp-content\\\/uploads\\\/2024\\\/02\\\/FuchsBeatrixBecker22_0106-scaled.jpg\",\"contentUrl\":\"https:\\\/\\\/beatrix-becker.de\\\/wp-content\\\/uploads\\\/2024\\\/02\\\/FuchsBeatrixBecker22_0106-scaled.jpg\",\"width\":2560,\"height\":1392,\"caption\":\"Beatrix Becker\"},\"logo\":{\"@id\":\"https:\\\/\\\/beatrix-becker.de\\\/wp-content\\\/uploads\\\/2024\\\/02\\\/FuchsBeatrixBecker22_0106-scaled.jpg\"},\"description\":\"Komponistin, Klarinettistin, Coach. Vor ihrer Solo-Karriere studierte die Komponistin und Musikerin Beatrix Becker klassische Klarinette und Klavier. Als Bandleaderin und Solistin ver\u00f6ffentlichte sie zahlreiche Alben und spielte Konzerte in Deutschland, Europa, Israel und den USA, unter anderem mit Gr\u00f6\u00dfen wie Raul Jaurena, Helmut Eisel und Giora Feidman, der auf seinem Album Klezmer Bridges eine Einspielung ihrer Komposition \u201eUna Sonrisa\u201c ver\u00f6ffentlichte. 2012 folgte Beatrix Becker ihrem Bauchgef\u00fchl nach Buenos Aires und fand in der lebensfrohen, ein wenig aus der Zeit gefallenen Metropole den idealen Besinnungsort f\u00fcr ihre erste Solo-CD Melody of Love - \u201eein bemerkenswerter Ausdruck unserer Zeit\u201c (Carsten D\u00fcrer, PIANONews). Als Artist in Residence verbrachte sie 2013 mehrere Monate in der Schweiz - ihre CD Wassermusiken spiegelt in Klang gegossen die Eindr\u00fccke aus der unber\u00fchrten Natur, etablierte sie als \u201eTondichterin\u201c (Tip Berlin) und festigte ihren Ruf als \u201edas Berliner Fr\u00e4uleinwunder\u201c (Nicole Graner, S\u00fcddeutsche Zeitung) in der Veranstaltungsszene. 2015 gr\u00fcndete Beatrix Becker das Projekt Bridges of Music und unternahm mit Unterst\u00fctzung der Deutschen Botschaft in New York eine Konzert- und Begegnungsreise von New York \u00fcber London nach Berlin. Anschlie\u00dfend wurde sie von visitBerlin als musikalische Botschafterin nach Istanbul eingeladen, um dort 2016 im Rahmen der neuen Berlin-Kampagne zu konzertieren. Im selben Jahr erschien ihr im Berliner Hansastudio eingespieltes Album Phoenix. 2017 konzertierte Beatrix Becker anl\u00e4sslich des Martin Luther King Tages f\u00fcr die US Botschaft. Im Institute For Cultural Diplomacy (ICD) pr\u00e4sentierte sie Bridges of Music w\u00e4hrend des internationalen Symposiums Cultural Diplomacy in Germany. Ihren Ruf als \\\"one of Berlin\u2018s finest examples of musical talent\\\" (German World Magazine) erwarb sich Beatrix Becker 2018 in Los Angeles, wo sie zum 50-j\u00e4hrigen Jubil\u00e4um der St\u00e4dtepartnerschaft LA-Berlin ein Konzert gab. 2018 erschien in Zusammenarbeit mit dem Dresdner Gitarristen Benjamin Doppscher ihr Album f\u00fcr Klarinette und Gitarre: Kintsugi 2019 f\u00fchrte sie die Bridges of Music Reihe nach Luzern und Potsdam. Hier gab sie zwei Kooperationskonzerte mit dem Chor Luzern, unterst\u00fctzt von der Stadt Potsdam und der St\u00e4dtepartnerschaft Potsdam-Luzern. Im selben Jahr durfte sie mit Kompositionen ihres Bridges Of Music Programms zum Gala-Dinner \u201e30 Jahre Mauerfall\u201c im Berliner Bodemuseum konzertieren. 2020 initiierte sie ein Kooperationsvideo Bridges of Music, auf dem weltweit 50 Musiker*innen w\u00e4hrend des Covid-19 bedingten \u201eLockdowns\u201c im M\u00e4rz 2020 virtuell zusammen musizierten. 2022 erschien ihr aktuelles Album Book of Bridges: \\\"Welchen Tiefgang das Projekt hat, demonstriert sie auf ihrem neuen Album.\\\" (Erik Prochnow - Folker) 2023 feiert Beatrix Becker 10-j\u00e4hriges Jubil\u00e4um mit ihrer verbindenden Plattform Bridges of Music. Derzeit arbeitet die Komponistin an einem neuen Album Roots and Wings. Neben ihrer T\u00e4tigkeit als K\u00fcnstlerin und Komponistin ist sie auch als Dozentin aktiv und bietet Kurse in B\u00fchnentraining, Komposition und Improvisation an. 2023 gr\u00fcndete sie die Bridges of Music Academy, die unter anderem ihren erfolgreichen Online-Kurs Kreativ Klarinette Lernen beherbergt. Eine Auswahl ihrer Kompositionen erscheint seit 2017 im Friedrich Hofmeister Musikverlag.\",\"sameAs\":[\"https:\\\/\\\/www.beatrix-becker.de\",\"https:\\\/\\\/www.facebook.com\\\/beatrix.becker.music\\\/\",\"https:\\\/\\\/www.instagram.com\\\/beatrix_becker_music\",\"https:\\\/\\\/www.youtube.com\\\/@Kreativ-Klarinette-Lernen\"]}]}<\/script>\n<!-- \/ Yoast SEO plugin. -->","yoast_head_json":{"title":"Beatrix Becker \u2013 Biography | Composer & Clarinetist","description":"Biography of Beatrix Becker \u2013 composer and clarinetist. Discover her music, albums and Bridges of Music projects.","robots":{"index":"index","follow":"follow","max-snippet":"max-snippet:-1","max-image-preview":"max-image-preview:large","max-video-preview":"max-video-preview:-1"},"canonical":"https:\/\/beatrix-becker.de\/en\/biography\/","og_locale":"en_US","og_type":"article","og_title":"Beatrix Becker \u2013 Biography | Composer & Clarinetist","og_description":"Biography of Beatrix Becker \u2013 composer and clarinetist. Discover her music, albums and Bridges of Music projects.","og_url":"https:\/\/beatrix-becker.de\/en\/biography\/","og_site_name":"Beatrix Becker","article_publisher":"https:\/\/www.facebook.com\/beatrix.becker.music\/","article_modified_time":"2025-09-30T21:37:48+00:00","og_image":[{"width":2560,"height":1392,"url":"https:\/\/beatrix-becker.de\/wp-content\/uploads\/2024\/02\/FuchsBeatrixBecker22_0106-scaled.jpg","type":"image\/jpeg"}],"twitter_card":"summary_large_image","twitter_misc":{"Est. reading time":"8 minutes"},"schema":{"@context":"https:\/\/schema.org","@graph":[{"@type":"WebPage","@id":"https:\/\/beatrix-becker.de\/en\/biography\/","url":"https:\/\/beatrix-becker.de\/en\/biography\/","name":"Beatrix Becker \u2013 Biography | Composer & Clarinetist","isPartOf":{"@id":"https:\/\/beatrix-becker.de\/en\/#website"},"datePublished":"2020-12-18T13:53:38+00:00","dateModified":"2025-09-30T21:37:48+00:00","description":"Biography of Beatrix Becker \u2013 composer and clarinetist. Discover her music, albums and Bridges of Music projects.","breadcrumb":{"@id":"https:\/\/beatrix-becker.de\/en\/biography\/#breadcrumb"},"inLanguage":"en-US","potentialAction":[{"@type":"ReadAction","target":["https:\/\/beatrix-becker.de\/en\/biography\/"]}]},{"@type":"BreadcrumbList","@id":"https:\/\/beatrix-becker.de\/en\/biography\/#breadcrumb","itemListElement":[{"@type":"ListItem","position":1,"name":"Startseite","item":"https:\/\/beatrix-becker.de\/en\/beatrix-becker-composer-musician-bridges-of-music\/"},{"@type":"ListItem","position":2,"name":"Biographie"}]},{"@type":"WebSite","@id":"https:\/\/beatrix-becker.de\/en\/#website","url":"https:\/\/beatrix-becker.de\/en\/","name":"Beatrix Becker | Bridges of Music","description":"Klavier Klarinette Komposition","publisher":{"@id":"https:\/\/beatrix-becker.de\/en\/#\/schema\/person\/b78b650e7555d44f1c9a1b180d99e3e0"},"alternateName":"Beatrix Becker","potentialAction":[{"@type":"SearchAction","target":{"@type":"EntryPoint","urlTemplate":"https:\/\/beatrix-becker.de\/en\/?s={search_term_string}"},"query-input":{"@type":"PropertyValueSpecification","valueRequired":true,"valueName":"search_term_string"}}],"inLanguage":"en-US"},{"@type":["Person","Organization"],"@id":"https:\/\/beatrix-becker.de\/en\/#\/schema\/person\/b78b650e7555d44f1c9a1b180d99e3e0","name":"Beatrix Becker","image":{"@type":"ImageObject","inLanguage":"en-US","@id":"https:\/\/beatrix-becker.de\/wp-content\/uploads\/2024\/02\/FuchsBeatrixBecker22_0106-scaled.jpg","url":"https:\/\/beatrix-becker.de\/wp-content\/uploads\/2024\/02\/FuchsBeatrixBecker22_0106-scaled.jpg","contentUrl":"https:\/\/beatrix-becker.de\/wp-content\/uploads\/2024\/02\/FuchsBeatrixBecker22_0106-scaled.jpg","width":2560,"height":1392,"caption":"Beatrix Becker"},"logo":{"@id":"https:\/\/beatrix-becker.de\/wp-content\/uploads\/2024\/02\/FuchsBeatrixBecker22_0106-scaled.jpg"},"description":"Komponistin, Klarinettistin, Coach. Vor ihrer Solo-Karriere studierte die Komponistin und Musikerin Beatrix Becker klassische Klarinette und Klavier. Als Bandleaderin und Solistin ver\u00f6ffentlichte sie zahlreiche Alben und spielte Konzerte in Deutschland, Europa, Israel und den USA, unter anderem mit Gr\u00f6\u00dfen wie Raul Jaurena, Helmut Eisel und Giora Feidman, der auf seinem Album Klezmer Bridges eine Einspielung ihrer Komposition \u201eUna Sonrisa\u201c ver\u00f6ffentlichte. 2012 folgte Beatrix Becker ihrem Bauchgef\u00fchl nach Buenos Aires und fand in der lebensfrohen, ein wenig aus der Zeit gefallenen Metropole den idealen Besinnungsort f\u00fcr ihre erste Solo-CD Melody of Love - \u201eein bemerkenswerter Ausdruck unserer Zeit\u201c (Carsten D\u00fcrer, PIANONews). Als Artist in Residence verbrachte sie 2013 mehrere Monate in der Schweiz - ihre CD Wassermusiken spiegelt in Klang gegossen die Eindr\u00fccke aus der unber\u00fchrten Natur, etablierte sie als \u201eTondichterin\u201c (Tip Berlin) und festigte ihren Ruf als \u201edas Berliner Fr\u00e4uleinwunder\u201c (Nicole Graner, S\u00fcddeutsche Zeitung) in der Veranstaltungsszene. 2015 gr\u00fcndete Beatrix Becker das Projekt Bridges of Music und unternahm mit Unterst\u00fctzung der Deutschen Botschaft in New York eine Konzert- und Begegnungsreise von New York \u00fcber London nach Berlin. Anschlie\u00dfend wurde sie von visitBerlin als musikalische Botschafterin nach Istanbul eingeladen, um dort 2016 im Rahmen der neuen Berlin-Kampagne zu konzertieren. Im selben Jahr erschien ihr im Berliner Hansastudio eingespieltes Album Phoenix. 2017 konzertierte Beatrix Becker anl\u00e4sslich des Martin Luther King Tages f\u00fcr die US Botschaft. Im Institute For Cultural Diplomacy (ICD) pr\u00e4sentierte sie Bridges of Music w\u00e4hrend des internationalen Symposiums Cultural Diplomacy in Germany. Ihren Ruf als \"one of Berlin\u2018s finest examples of musical talent\" (German World Magazine) erwarb sich Beatrix Becker 2018 in Los Angeles, wo sie zum 50-j\u00e4hrigen Jubil\u00e4um der St\u00e4dtepartnerschaft LA-Berlin ein Konzert gab. 2018 erschien in Zusammenarbeit mit dem Dresdner Gitarristen Benjamin Doppscher ihr Album f\u00fcr Klarinette und Gitarre: Kintsugi 2019 f\u00fchrte sie die Bridges of Music Reihe nach Luzern und Potsdam. Hier gab sie zwei Kooperationskonzerte mit dem Chor Luzern, unterst\u00fctzt von der Stadt Potsdam und der St\u00e4dtepartnerschaft Potsdam-Luzern. Im selben Jahr durfte sie mit Kompositionen ihres Bridges Of Music Programms zum Gala-Dinner \u201e30 Jahre Mauerfall\u201c im Berliner Bodemuseum konzertieren. 2020 initiierte sie ein Kooperationsvideo Bridges of Music, auf dem weltweit 50 Musiker*innen w\u00e4hrend des Covid-19 bedingten \u201eLockdowns\u201c im M\u00e4rz 2020 virtuell zusammen musizierten. 2022 erschien ihr aktuelles Album Book of Bridges: \"Welchen Tiefgang das Projekt hat, demonstriert sie auf ihrem neuen Album.\" (Erik Prochnow - Folker) 2023 feiert Beatrix Becker 10-j\u00e4hriges Jubil\u00e4um mit ihrer verbindenden Plattform Bridges of Music. Derzeit arbeitet die Komponistin an einem neuen Album Roots and Wings. Neben ihrer T\u00e4tigkeit als K\u00fcnstlerin und Komponistin ist sie auch als Dozentin aktiv und bietet Kurse in B\u00fchnentraining, Komposition und Improvisation an. 2023 gr\u00fcndete sie die Bridges of Music Academy, die unter anderem ihren erfolgreichen Online-Kurs Kreativ Klarinette Lernen beherbergt. Eine Auswahl ihrer Kompositionen erscheint seit 2017 im Friedrich Hofmeister Musikverlag.","sameAs":["https:\/\/www.beatrix-becker.de","https:\/\/www.facebook.com\/beatrix.becker.music\/","https:\/\/www.instagram.com\/beatrix_becker_music","https:\/\/www.youtube.com\/@Kreativ-Klarinette-Lernen"]}]}},"_links":{"self":[{"href":"https:\/\/beatrix-becker.de\/en\/wp-json\/wp\/v2\/pages\/3513","targetHints":{"allow":["GET"]}}],"collection":[{"href":"https:\/\/beatrix-becker.de\/en\/wp-json\/wp\/v2\/pages"}],"about":[{"href":"https:\/\/beatrix-becker.de\/en\/wp-json\/wp\/v2\/types\/page"}],"author":[{"embeddable":true,"href":"https:\/\/beatrix-becker.de\/en\/wp-json\/wp\/v2\/users\/1"}],"replies":[{"embeddable":true,"href":"https:\/\/beatrix-becker.de\/en\/wp-json\/wp\/v2\/comments?post=3513"}],"version-history":[{"count":4,"href":"https:\/\/beatrix-becker.de\/en\/wp-json\/wp\/v2\/pages\/3513\/revisions"}],"predecessor-version":[{"id":7311,"href":"https:\/\/beatrix-becker.de\/en\/wp-json\/wp\/v2\/pages\/3513\/revisions\/7311"}],"wp:attachment":[{"href":"https:\/\/beatrix-becker.de\/en\/wp-json\/wp\/v2\/media?parent=3513"}],"curies":[{"name":"wp","href":"https:\/\/api.w.org\/{rel}","templated":true}]}}